{"id":606,"date":"2024-09-10T18:40:28","date_gmt":"2024-09-10T15:40:28","guid":{"rendered":"https:\/\/lajotek.com.br\/novo\/?page_id=606"},"modified":"2024-10-01T19:23:17","modified_gmt":"2024-10-01T16:23:17","slug":"produto-malha-pop","status":"publish","type":"page","link":"https:\/\/lajotek.com.br\/index.php\/produto-malha-pop\/","title":{"rendered":"Produto &#8211; Malha POP"},"content":{"rendered":"\n<div class=\"wp-block-columns alignwide is-layout-flex wp-container-core-columns-is-layout-1 wp-block-columns-is-layout-flex\">\n<div class=\"wp-block-column is-layout-flow wp-block-column-is-layout-flow\" style=\"flex-basis:70%\">\n<figure class=\"wp-block-image aligncenter size-full is-resized\"><img loading=\"lazy\" decoding=\"async\" width=\"1000\" height=\"750\" src=\"https:\/\/lajotek.com.br\/wp-content\/uploads\/2024\/10\/malhaPop-jpeg.webp\" alt=\"Malha POP Gerdau para refor\u00e7o da capa de concreto.\" class=\"wp-image-797\" style=\"width:294px;height:auto\" srcset=\"https:\/\/lajotek.com.br\/wp-content\/uploads\/2024\/10\/malhaPop-jpeg.webp 1000w, https:\/\/lajotek.com.br\/wp-content\/uploads\/2024\/10\/malhaPop-300x225.webp 300w, https:\/\/lajotek.com.br\/wp-content\/uploads\/2024\/10\/malhaPop-768x576.webp 768w\" sizes=\"auto, (max-width: 1000px) 100vw, 1000px\" \/><\/figure>\n\n\n\n<div class=\"wp-block-group is-vertical is-layout-flex wp-container-core-group-is-layout-1 wp-block-group-is-layout-flex\">\n<h2 class=\"wp-block-heading\">Malha POP<\/h2>\n\n\n\n<p>A <strong>Malha POP<\/strong> (Painel de Obras Pronto) \u00e9 uma tela de a\u00e7o soldada, geralmente feita de fios de a\u00e7o galvanizado ou CA-60, utilizada em diversos tipos de lajes, incluindo as <strong>lajes pr\u00e9-moldadas<\/strong>. Essa malha tem a fun\u00e7\u00e3o de refor\u00e7ar o concreto, aumentando sua resist\u00eancia \u00e0 tra\u00e7\u00e3o e evitando fissuras, al\u00e9m de melhorar a distribui\u00e7\u00e3o de cargas. Na constru\u00e7\u00e3o de lajes pr\u00e9-moldadas, a malha POP \u00e9 colocada sobre os blocos de enchimento (EPS ou cer\u00e2mica) e integrada \u00e0 camada de concreto que ser\u00e1 aplicada sobre a estrutura.<\/p>\n\n\n\n<h3 class=\"wp-block-heading\">Vantagens:<\/h3>\n\n\n\n<ol class=\"wp-block-list\">\n<li><strong>Distribui\u00e7\u00e3o de Cargas<\/strong>: A malha ajuda a distribuir uniformemente as cargas sobre a laje, garantindo uma maior resist\u00eancia estrutural e evitando pontos de tens\u00e3o concentrada.<\/li>\n\n\n\n<li><strong>Evita Fissuras<\/strong>: O a\u00e7o da malha refor\u00e7a o concreto e impede a forma\u00e7\u00e3o de fissuras, principalmente causadas por retra\u00e7\u00e3o e mudan\u00e7as de temperatura.<\/li>\n\n\n\n<li><strong>Facilidade de Instala\u00e7\u00e3o<\/strong>: Por ser uma tela soldada e j\u00e1 pr\u00e9-fabricada, a malha \u00e9 f\u00e1cil de manusear e instalar, economizando tempo na execu\u00e7\u00e3o da obra.<\/li>\n\n\n\n<li><strong>Economia de Material e M\u00e3o de Obra<\/strong>: Reduz a necessidade de cortes e ajustes no canteiro de obras, pois \u00e9 vendida em dimens\u00f5es padronizadas e otimizadas para diferentes projetos.<\/li>\n\n\n\n<li><strong>Durabilidade e Resist\u00eancia<\/strong>: O uso da malha aumenta a vida \u00fatil da laje, proporcionando uma estrutura mais est\u00e1vel e segura, al\u00e9m de suportar varia\u00e7\u00f5es t\u00e9rmicas e clim\u00e1ticas.<\/li>\n<\/ol>\n\n\n\n<h3 class=\"wp-block-heading\">Necessidade de Uso:<\/h3>\n\n\n\n<p>A malha \u00e9 indispens\u00e1vel para lajes pr\u00e9-moldadas, pois complementa a resist\u00eancia estrutural das vigas treli\u00e7adas e do concreto. Mesmo com blocos de enchimento (EPS ou cer\u00e2mica), \u00e9 necess\u00e1rio garantir que o concreto tenha suporte adequado para resistir \u00e0s tens\u00f5es de compress\u00e3o e tra\u00e7\u00e3o. Em projetos com grandes v\u00e3os ou cargas elevadas, a malha \u00e9 ainda mais crucial para a integridade da laje.<\/p>\n<\/div>\n<\/div>\n\n\n\n<div class=\"wp-block-column is-layout-flow wp-block-column-is-layout-flow\" style=\"flex-basis:30%\">\n<div class=\"wp-block-group is-vertical is-layout-flex wp-container-core-group-is-layout-10 wp-block-group-is-layout-flex\">\n<div class=\"wp-block-group produto is-vertical is-content-justification-center is-layout-flex wp-container-core-group-is-layout-2 wp-block-group-is-layout-flex\">\n<figure class=\"wp-block-image size-medium is-resized\"><a href=\"https:\/\/lajotek.com.br\/index.php\/produto-laje-trelica-eps\/\"><img loading=\"lazy\" decoding=\"async\" width=\"300\" height=\"189\" src=\"https:\/\/lajotek.com.br\/wp-content\/uploads\/2024\/10\/lajeTrelicaEPS-300x189.webp\" alt=\"Esquema de Laje Treli\u00e7a com EPS\" class=\"wp-image-777\" style=\"width:300px;height:auto\" srcset=\"https:\/\/lajotek.com.br\/wp-content\/uploads\/2024\/10\/lajeTrelicaEPS-300x189.webp 300w, https:\/\/lajotek.com.br\/wp-content\/uploads\/2024\/10\/lajeTrelicaEPS-1024x645.webp 1024w, https:\/\/lajotek.com.br\/wp-content\/uploads\/2024\/10\/lajeTrelicaEPS-768x484.webp 768w, https:\/\/lajotek.com.br\/wp-content\/uploads\/2024\/10\/lajeTrelicaEPS-png.webp 1248w\" sizes=\"auto, (max-width: 300px) 100vw, 300px\" \/><\/a><\/figure>\n\n\n\n<p class=\"has-text-align-center\"><a href=\"https:\/\/lajotek.com.br\/index.php\/produto-laje-trelica-eps\/\">Laje Treli\u00e7a com EPS<\/a><\/p>\n<\/div>\n\n\n\n<div class=\"wp-block-group produto is-vertical is-content-justification-center is-layout-flex wp-container-core-group-is-layout-3 wp-block-group-is-layout-flex\">\n<figure class=\"wp-block-image size-medium\"><a href=\"https:\/\/lajotek.com.br\/index.php\/produto-laje-trelica-ceramica\/\"><img loading=\"lazy\" decoding=\"async\" width=\"300\" height=\"191\" src=\"https:\/\/lajotek.com.br\/wp-content\/uploads\/2024\/10\/lajeTrelicaCeramica-300x191.webp\" alt=\"Esquema de Laje Treli\u00e7a com Blocos de Cer\u00e2mica\" class=\"wp-image-779\" srcset=\"https:\/\/lajotek.com.br\/wp-content\/uploads\/2024\/10\/lajeTrelicaCeramica-300x191.webp 300w, https:\/\/lajotek.com.br\/wp-content\/uploads\/2024\/10\/lajeTrelicaCeramica-1024x651.webp 1024w, https:\/\/lajotek.com.br\/wp-content\/uploads\/2024\/10\/lajeTrelicaCeramica-768x489.webp 768w, https:\/\/lajotek.com.br\/wp-content\/uploads\/2024\/10\/lajeTrelicaCeramica-png.webp 1344w\" sizes=\"auto, (max-width: 300px) 100vw, 300px\" \/><\/a><\/figure>\n\n\n\n<p class=\"has-text-align-center\"><a href=\"https:\/\/lajotek.com.br\/index.php\/produto-laje-trelica-ceramica\/\">Laje Treli\u00e7a com Cer\u00e2mica<\/a><\/p>\n<\/div>\n\n\n\n<div class=\"wp-block-group produto is-vertical is-content-justification-center is-layout-flex wp-container-core-group-is-layout-4 wp-block-group-is-layout-flex\">\n<figure class=\"wp-block-image size-medium\"><a href=\"https:\/\/lajotek.com.br\/index.php\/produto-laje-mini-painel\/\"><img loading=\"lazy\" decoding=\"async\" width=\"300\" height=\"190\" src=\"https:\/\/lajotek.com.br\/wp-content\/uploads\/2024\/10\/lajePainel-300x190.webp\" alt=\"Esquema de Laje Mini painel 30cm com Blocos EPS\" class=\"wp-image-778\" srcset=\"https:\/\/lajotek.com.br\/wp-content\/uploads\/2024\/10\/lajePainel-300x190.webp 300w, https:\/\/lajotek.com.br\/wp-content\/uploads\/2024\/10\/lajePainel-1024x649.webp 1024w, https:\/\/lajotek.com.br\/wp-content\/uploads\/2024\/10\/lajePainel-768x487.webp 768w, https:\/\/lajotek.com.br\/wp-content\/uploads\/2024\/10\/lajePainel-png.webp 1335w\" sizes=\"auto, (max-width: 300px) 100vw, 300px\" \/><\/a><\/figure>\n\n\n\n<p class=\"has-text-align-center\"><a href=\"https:\/\/lajotek.com.br\/index.php\/produto-laje-mini-painel\/\">Laje Treli\u00e7a Mini Painel<\/a><\/p>\n<\/div>\n\n\n\n<div class=\"wp-block-group produto is-vertical is-content-justification-center is-layout-flex wp-container-core-group-is-layout-5 wp-block-group-is-layout-flex\">\n<figure class=\"wp-block-image size-medium\"><a href=\"https:\/\/lajotek.com.br\/index.php\/produto-laje-trelica-bidirecional\/\"><img loading=\"lazy\" decoding=\"async\" width=\"300\" height=\"191\" src=\"https:\/\/lajotek.com.br\/wp-content\/uploads\/2024\/10\/lajeBidirecional-300x191.webp\" alt=\"Esquema de Laje Bidirecional com Blocos EPS\" class=\"wp-image-781\" srcset=\"https:\/\/lajotek.com.br\/wp-content\/uploads\/2024\/10\/lajeBidirecional-300x191.webp 300w, https:\/\/lajotek.com.br\/wp-content\/uploads\/2024\/10\/lajeBidirecional-1024x652.webp 1024w, https:\/\/lajotek.com.br\/wp-content\/uploads\/2024\/10\/lajeBidirecional-768x489.webp 768w, https:\/\/lajotek.com.br\/wp-content\/uploads\/2024\/10\/lajeBidirecional-png.webp 1335w\" sizes=\"auto, (max-width: 300px) 100vw, 300px\" \/><\/a><\/figure>\n\n\n\n<p class=\"has-text-align-center\"><a href=\"https:\/\/lajotek.com.br\/index.php\/produto-laje-trelica-bidirecional\/\">Laje Treli\u00e7a Bidirecional<\/a><\/p>\n<\/div>\n\n\n\n<div class=\"wp-block-group produto is-vertical is-content-justification-center is-layout-flex wp-container-core-group-is-layout-6 wp-block-group-is-layout-flex\">\n<figure class=\"wp-block-image size-medium\"><a href=\"https:\/\/lajotek.com.br\/index.php\/laje-convencional-eps-ou-ceramica\/\"><img loading=\"lazy\" decoding=\"async\" width=\"300\" height=\"191\" src=\"https:\/\/lajotek.com.br\/wp-content\/uploads\/2024\/10\/lajeConvencional-300x191.webp\" alt=\"Esquema de Convencional com Blocos em Cer\u00e2mica\" class=\"wp-image-780\" srcset=\"https:\/\/lajotek.com.br\/wp-content\/uploads\/2024\/10\/lajeConvencional-300x191.webp 300w, https:\/\/lajotek.com.br\/wp-content\/uploads\/2024\/10\/lajeConvencional-1024x652.webp 1024w, https:\/\/lajotek.com.br\/wp-content\/uploads\/2024\/10\/lajeConvencional-768x489.webp 768w, https:\/\/lajotek.com.br\/wp-content\/uploads\/2024\/10\/lajeConvencional-png.webp 1335w\" sizes=\"auto, (max-width: 300px) 100vw, 300px\" \/><\/a><\/figure>\n\n\n\n<p class=\"has-text-align-center\"><a href=\"https:\/\/lajotek.com.br\/index.php\/laje-convencional-eps-ou-ceramica\/\">Laje Convencional<\/a><\/p>\n<\/div>\n\n\n\n<div class=\"wp-block-group produto is-vertical is-content-justification-center is-layout-flex wp-container-core-group-is-layout-7 wp-block-group-is-layout-flex\">\n<figure class=\"wp-block-image size-medium\"><a href=\"https:\/\/lajotek.com.br\/index.php\/produto-malha-pop\/\"><img loading=\"lazy\" decoding=\"async\" width=\"300\" height=\"225\" src=\"https:\/\/lajotek.com.br\/wp-content\/uploads\/2024\/10\/malhaPop-300x225.webp\" alt=\"Malha POP Gerdau para refor\u00e7o da capa de concreto.\" class=\"wp-image-797\" srcset=\"https:\/\/lajotek.com.br\/wp-content\/uploads\/2024\/10\/malhaPop-300x225.webp 300w, https:\/\/lajotek.com.br\/wp-content\/uploads\/2024\/10\/malhaPop-768x576.webp 768w, https:\/\/lajotek.com.br\/wp-content\/uploads\/2024\/10\/malhaPop-jpeg.webp 1000w\" sizes=\"auto, (max-width: 300px) 100vw, 300px\" \/><\/a><\/figure>\n\n\n\n<p class=\"has-text-align-center\"><a href=\"https:\/\/lajotek.com.br\/index.php\/produto-malha-pop\/\">Malha Pop<\/a><\/p>\n<\/div>\n\n\n\n<div class=\"wp-block-group produto is-vertical is-content-justification-center is-layout-flex wp-container-core-group-is-layout-8 wp-block-group-is-layout-flex\">\n<figure class=\"wp-block-image size-full is-resized\"><a href=\"https:\/\/lajotek.com.br\/index.php\/produto-caixa-de-luz-concreto-para-laje\/\"><img loading=\"lazy\" decoding=\"async\" width=\"150\" height=\"112\" src=\"https:\/\/lajotek.com.br\/wp-content\/uploads\/2024\/10\/caixaLuz-jpg.webp\" alt=\"Modelo de Caixa de Luz em Concreto para embutir em laje\" class=\"wp-image-783\" style=\"width:304px;height:auto\"\/><\/a><\/figure>\n\n\n\n<p class=\"has-text-align-center\"><a href=\"https:\/\/lajotek.com.br\/index.php\/produto-caixa-de-luz-concreto-para-laje\/\">Caixa de Luz<\/a><\/p>\n<\/div>\n\n\n\n<div class=\"wp-block-group produto oculto is-vertical is-content-justification-center is-layout-flex wp-container-core-group-is-layout-9 wp-block-group-is-layout-flex\">\n<figure class=\"wp-block-image size-medium\"><a href=\"https:\/\/lajotek.com.br\/index.php\/produto-escoras-de-bracatinga\/\"><img loading=\"lazy\" decoding=\"async\" width=\"300\" height=\"197\" src=\"https:\/\/lajotek.com.br\/wp-content\/uploads\/2024\/10\/escoras_bracatinga-300x197.webp\" alt=\"Escora em Bracatinga\" class=\"wp-image-782\" srcset=\"https:\/\/lajotek.com.br\/wp-content\/uploads\/2024\/10\/escoras_bracatinga-300x197.webp 300w, https:\/\/lajotek.com.br\/wp-content\/uploads\/2024\/10\/escoras_bracatinga-jpg.webp 450w\" sizes=\"auto, (max-width: 300px) 100vw, 300px\" \/><\/a><\/figure>\n\n\n\n<p class=\"has-text-align-center\"><a href=\"https:\/\/lajotek.com.br\/index.php\/produto-escoras-de-bracatinga\/\">Escoras de bracatinga<\/a><\/p>\n<\/div>\n<\/div>\n<\/div>\n<\/div>\n","protected":false},"excerpt":{"rendered":"<p>Malha POP A Malha POP (Painel de Obras Pronto) \u00e9 uma tela de a\u00e7o soldada, geralmente feita de fios de a\u00e7o galvanizado ou CA-60, utilizada em diversos tipos de lajes, incluindo as lajes pr\u00e9-moldadas. Essa malha tem a fun\u00e7\u00e3o de refor\u00e7ar o concreto, aumentando sua resist\u00eancia \u00e0 tra\u00e7\u00e3o e evitando fissuras, al\u00e9m de melhorar a [&hellip;]<\/p>\n","protected":false},"author":1,"featured_media":0,"parent":0,"menu_order":0,"comment_status":"closed","ping_status":"closed","template":"page-no-title","meta":{"footnotes":""},"class_list":["post-606","page","type-page","status-publish","hentry"],"yoast_head":"<!-- This site is optimized with the Yoast SEO plugin v23.9 - https:\/\/yoast.com\/wordpress\/plugins\/seo\/ -->\n<title>Malha POP - Lajes em Curitiba<\/title>\n<meta name=\"description\" content=\"Malha POP para laje pr\u00e9-moldada: garante refor\u00e7o estrutural com facilidade de instala\u00e7\u00e3o e alta resist\u00eancia, para lajes dur\u00e1veis e seguras.\" \/>\n<meta name=\"robots\" content=\"index, follow, max-snippet:-1, max-image-preview:large, max-video-preview:-1\" \/>\n<link rel=\"canonical\" href=\"https:\/\/lajotek.com.br\/index.php\/produto-malha-pop\/\" \/>\n<meta property=\"og:locale\" content=\"pt_BR\" \/>\n<meta property=\"og:type\" content=\"article\" \/>\n<meta property=\"og:title\" content=\"Malha POP - Lajes em Curitiba\" \/>\n<meta property=\"og:description\" content=\"Malha POP para laje pr\u00e9-moldada: garante refor\u00e7o estrutural com facilidade de instala\u00e7\u00e3o e alta resist\u00eancia, para lajes dur\u00e1veis e seguras.\" \/>\n<meta property=\"og:url\" content=\"https:\/\/lajotek.com.br\/index.php\/produto-malha-pop\/\" \/>\n<meta property=\"og:site_name\" content=\"Lajes Lajotek - Laje Treli\u00e7a, Convencional, Painel e Bidirecionai | Lajes em Curitiba\" \/>\n<meta property=\"article:publisher\" content=\"https:\/\/facebook.com.br\/lajotek\" \/>\n<meta property=\"article:modified_time\" content=\"2024-10-01T16:23:17+00:00\" \/>\n<meta property=\"og:image\" content=\"https:\/\/lajotek.com.br\/wp-content\/uploads\/2024\/10\/malhaPop-jpeg.webp\" \/>\n<meta name=\"twitter:card\" content=\"summary_large_image\" \/>\n<meta name=\"twitter:label1\" content=\"Est. tempo de leitura\" \/>\n\t<meta name=\"twitter:data1\" content=\"4 minutos\" \/>\n<script type=\"application\/ld+json\" class=\"yoast-schema-graph\">{\"@context\":\"https:\/\/schema.org\",\"@graph\":[{\"@type\":\"WebPage\",\"@id\":\"https:\/\/lajotek.com.br\/index.php\/produto-malha-pop\/\",\"url\":\"https:\/\/lajotek.com.br\/index.php\/produto-malha-pop\/\",\"name\":\"Malha POP - Lajes em Curitiba\",\"isPartOf\":{\"@id\":\"https:\/\/lajotek.com.br\/#website\"},\"primaryImageOfPage\":{\"@id\":\"https:\/\/lajotek.com.br\/index.php\/produto-malha-pop\/#primaryimage\"},\"image\":{\"@id\":\"https:\/\/lajotek.com.br\/index.php\/produto-malha-pop\/#primaryimage\"},\"thumbnailUrl\":\"https:\/\/lajotek.com.br\/wp-content\/uploads\/2024\/10\/malhaPop-jpeg.webp\",\"datePublished\":\"2024-09-10T15:40:28+00:00\",\"dateModified\":\"2024-10-01T16:23:17+00:00\",\"description\":\"Malha POP para laje pr\u00e9-moldada: garante refor\u00e7o estrutural com facilidade de instala\u00e7\u00e3o e alta resist\u00eancia, para lajes dur\u00e1veis e seguras.\",\"breadcrumb\":{\"@id\":\"https:\/\/lajotek.com.br\/index.php\/produto-malha-pop\/#breadcrumb\"},\"inLanguage\":\"pt-BR\",\"potentialAction\":[{\"@type\":\"ReadAction\",\"target\":[\"https:\/\/lajotek.com.br\/index.php\/produto-malha-pop\/\"]}]},{\"@type\":\"ImageObject\",\"inLanguage\":\"pt-BR\",\"@id\":\"https:\/\/lajotek.com.br\/index.php\/produto-malha-pop\/#primaryimage\",\"url\":\"https:\/\/lajotek.com.br\/wp-content\/uploads\/2024\/10\/malhaPop-jpeg.webp\",\"contentUrl\":\"https:\/\/lajotek.com.br\/wp-content\/uploads\/2024\/10\/malhaPop-jpeg.webp\",\"width\":1000,\"height\":750,\"caption\":\"Malha POP Gerdau para refor\u00e7o da capa de concreto.\"},{\"@type\":\"BreadcrumbList\",\"@id\":\"https:\/\/lajotek.com.br\/index.php\/produto-malha-pop\/#breadcrumb\",\"itemListElement\":[{\"@type\":\"ListItem\",\"position\":1,\"name\":\"In\u00edcio\",\"item\":\"https:\/\/lajotek.com.br\/\"},{\"@type\":\"ListItem\",\"position\":2,\"name\":\"Produto &#8211; Malha POP\"}]},{\"@type\":\"WebSite\",\"@id\":\"https:\/\/lajotek.com.br\/#website\",\"url\":\"https:\/\/lajotek.com.br\/\",\"name\":\"Lajotek Lajes Treli\u00e7as, Convencional, Painel e Bidirecionais | Lajes em Curitiba\",\"description\":\"Desde 1986, a Lajotek se destaca na fabrica\u00e7\u00e3o de lajes, vigas pr\u00e9-moldadas e blocos de EPS para constru\u00e7\u00f5es residenciais e comerciais em Curitiba e regi\u00e3o. Priorizamos qualidade e atendimento ao cliente. Confira nossa variedade de produtos!\",\"publisher\":{\"@id\":\"https:\/\/lajotek.com.br\/#organization\"},\"alternateName\":\"Lajotek - Lajes Curitiba\",\"potentialAction\":[{\"@type\":\"SearchAction\",\"target\":{\"@type\":\"EntryPoint\",\"urlTemplate\":\"https:\/\/lajotek.com.br\/?s={search_term_string}\"},\"query-input\":{\"@type\":\"PropertyValueSpecification\",\"valueRequired\":true,\"valueName\":\"search_term_string\"}}],\"inLanguage\":\"pt-BR\"},{\"@type\":\"Organization\",\"@id\":\"https:\/\/lajotek.com.br\/#organization\",\"name\":\"Lajotek Lajes Treli\u00e7as, Convencional, Painel e Bidirecionais | Lajes em Curitiba\",\"alternateName\":\"Lajotek - Lajes Curitiba\",\"url\":\"https:\/\/lajotek.com.br\/\",\"logo\":{\"@type\":\"ImageObject\",\"inLanguage\":\"pt-BR\",\"@id\":\"https:\/\/lajotek.com.br\/#\/schema\/logo\/image\/\",\"url\":\"https:\/\/lajotek.com.br\/wp-content\/uploads\/2024\/10\/logo-png.webp\",\"contentUrl\":\"https:\/\/lajotek.com.br\/wp-content\/uploads\/2024\/10\/logo-png.webp\",\"width\":976,\"height\":1002,\"caption\":\"Lajotek Lajes Treli\u00e7as, Convencional, Painel e Bidirecionais | Lajes em Curitiba\"},\"image\":{\"@id\":\"https:\/\/lajotek.com.br\/#\/schema\/logo\/image\/\"},\"sameAs\":[\"https:\/\/facebook.com.br\/lajotek\",\"https:\/\/www.instagram.com\/lajeslajotek\"]}]}<\/script>\n<!-- \/ Yoast SEO plugin. -->","yoast_head_json":{"title":"Malha POP - Lajes em Curitiba","description":"Malha POP para laje pr\u00e9-moldada: garante refor\u00e7o estrutural com facilidade de instala\u00e7\u00e3o e alta resist\u00eancia, para lajes dur\u00e1veis e seguras.","robots":{"index":"index","follow":"follow","max-snippet":"max-snippet:-1","max-image-preview":"max-image-preview:large","max-video-preview":"max-video-preview:-1"},"canonical":"https:\/\/lajotek.com.br\/index.php\/produto-malha-pop\/","og_locale":"pt_BR","og_type":"article","og_title":"Malha POP - Lajes em Curitiba","og_description":"Malha POP para laje pr\u00e9-moldada: garante refor\u00e7o estrutural com facilidade de instala\u00e7\u00e3o e alta resist\u00eancia, para lajes dur\u00e1veis e seguras.","og_url":"https:\/\/lajotek.com.br\/index.php\/produto-malha-pop\/","og_site_name":"Lajes Lajotek - Laje Treli\u00e7a, Convencional, Painel e Bidirecionai | Lajes em Curitiba","article_publisher":"https:\/\/facebook.com.br\/lajotek","article_modified_time":"2024-10-01T16:23:17+00:00","og_image":[{"url":"https:\/\/lajotek.com.br\/wp-content\/uploads\/2024\/10\/malhaPop-jpeg.webp"}],"twitter_card":"summary_large_image","twitter_misc":{"Est. tempo de leitura":"4 minutos"},"schema":{"@context":"https:\/\/schema.org","@graph":[{"@type":"WebPage","@id":"https:\/\/lajotek.com.br\/index.php\/produto-malha-pop\/","url":"https:\/\/lajotek.com.br\/index.php\/produto-malha-pop\/","name":"Malha POP - Lajes em Curitiba","isPartOf":{"@id":"https:\/\/lajotek.com.br\/#website"},"primaryImageOfPage":{"@id":"https:\/\/lajotek.com.br\/index.php\/produto-malha-pop\/#primaryimage"},"image":{"@id":"https:\/\/lajotek.com.br\/index.php\/produto-malha-pop\/#primaryimage"},"thumbnailUrl":"https:\/\/lajotek.com.br\/wp-content\/uploads\/2024\/10\/malhaPop-jpeg.webp","datePublished":"2024-09-10T15:40:28+00:00","dateModified":"2024-10-01T16:23:17+00:00","description":"Malha POP para laje pr\u00e9-moldada: garante refor\u00e7o estrutural com facilidade de instala\u00e7\u00e3o e alta resist\u00eancia, para lajes dur\u00e1veis e seguras.","breadcrumb":{"@id":"https:\/\/lajotek.com.br\/index.php\/produto-malha-pop\/#breadcrumb"},"inLanguage":"pt-BR","potentialAction":[{"@type":"ReadAction","target":["https:\/\/lajotek.com.br\/index.php\/produto-malha-pop\/"]}]},{"@type":"ImageObject","inLanguage":"pt-BR","@id":"https:\/\/lajotek.com.br\/index.php\/produto-malha-pop\/#primaryimage","url":"https:\/\/lajotek.com.br\/wp-content\/uploads\/2024\/10\/malhaPop-jpeg.webp","contentUrl":"https:\/\/lajotek.com.br\/wp-content\/uploads\/2024\/10\/malhaPop-jpeg.webp","width":1000,"height":750,"caption":"Malha POP Gerdau para refor\u00e7o da capa de concreto."},{"@type":"BreadcrumbList","@id":"https:\/\/lajotek.com.br\/index.php\/produto-malha-pop\/#breadcrumb","itemListElement":[{"@type":"ListItem","position":1,"name":"In\u00edcio","item":"https:\/\/lajotek.com.br\/"},{"@type":"ListItem","position":2,"name":"Produto &#8211; Malha POP"}]},{"@type":"WebSite","@id":"https:\/\/lajotek.com.br\/#website","url":"https:\/\/lajotek.com.br\/","name":"Lajotek Lajes Treli\u00e7as, Convencional, Painel e Bidirecionais | Lajes em Curitiba","description":"Desde 1986, a Lajotek se destaca na fabrica\u00e7\u00e3o de lajes, vigas pr\u00e9-moldadas e blocos de EPS para constru\u00e7\u00f5es residenciais e comerciais em Curitiba e regi\u00e3o. Priorizamos qualidade e atendimento ao cliente. Confira nossa variedade de produtos!","publisher":{"@id":"https:\/\/lajotek.com.br\/#organization"},"alternateName":"Lajotek - Lajes Curitiba","potentialAction":[{"@type":"SearchAction","target":{"@type":"EntryPoint","urlTemplate":"https:\/\/lajotek.com.br\/?s={search_term_string}"},"query-input":{"@type":"PropertyValueSpecification","valueRequired":true,"valueName":"search_term_string"}}],"inLanguage":"pt-BR"},{"@type":"Organization","@id":"https:\/\/lajotek.com.br\/#organization","name":"Lajotek Lajes Treli\u00e7as, Convencional, Painel e Bidirecionais | Lajes em Curitiba","alternateName":"Lajotek - Lajes Curitiba","url":"https:\/\/lajotek.com.br\/","logo":{"@type":"ImageObject","inLanguage":"pt-BR","@id":"https:\/\/lajotek.com.br\/#\/schema\/logo\/image\/","url":"https:\/\/lajotek.com.br\/wp-content\/uploads\/2024\/10\/logo-png.webp","contentUrl":"https:\/\/lajotek.com.br\/wp-content\/uploads\/2024\/10\/logo-png.webp","width":976,"height":1002,"caption":"Lajotek Lajes Treli\u00e7as, Convencional, Painel e Bidirecionais | Lajes em Curitiba"},"image":{"@id":"https:\/\/lajotek.com.br\/#\/schema\/logo\/image\/"},"sameAs":["https:\/\/facebook.com.br\/lajotek","https:\/\/www.instagram.com\/lajeslajotek"]}]}},"_links":{"self":[{"href":"https:\/\/lajotek.com.br\/index.php\/wp-json\/wp\/v2\/pages\/606","targetHints":{"allow":["GET"]}}],"collection":[{"href":"https:\/\/lajotek.com.br\/index.php\/wp-json\/wp\/v2\/pages"}],"about":[{"href":"https:\/\/lajotek.com.br\/index.php\/wp-json\/wp\/v2\/types\/page"}],"author":[{"embeddable":true,"href":"https:\/\/lajotek.com.br\/index.php\/wp-json\/wp\/v2\/users\/1"}],"replies":[{"embeddable":true,"href":"https:\/\/lajotek.com.br\/index.php\/wp-json\/wp\/v2\/comments?post=606"}],"version-history":[{"count":0,"href":"https:\/\/lajotek.com.br\/index.php\/wp-json\/wp\/v2\/pages\/606\/revisions"}],"wp:attachment":[{"href":"https:\/\/lajotek.com.br\/index.php\/wp-json\/wp\/v2\/media?parent=606"}],"curies":[{"name":"wp","href":"https:\/\/api.w.org\/{rel}","templated":true}]}}