{"id":573,"date":"2024-09-10T16:59:56","date_gmt":"2024-09-10T13:59:56","guid":{"rendered":"https:\/\/lajotek.com.br\/novo\/?page_id=573"},"modified":"2024-10-01T19:20:16","modified_gmt":"2024-10-01T16:20:16","slug":"produto-laje-trelica-eps","status":"publish","type":"page","link":"https:\/\/lajotek.com.br\/index.php\/produto-laje-trelica-eps\/","title":{"rendered":"Produto &#8211; Laje Treli\u00e7a EPS"},"content":{"rendered":"\n<div class=\"wp-block-columns alignwide is-layout-flex wp-container-core-columns-is-layout-1 wp-block-columns-is-layout-flex\">\n<div class=\"wp-block-column is-layout-flow wp-block-column-is-layout-flow\" style=\"flex-basis:70%\">\n<figure class=\"wp-block-image aligncenter size-large is-resized\"><img loading=\"lazy\" decoding=\"async\" width=\"1024\" height=\"645\" src=\"https:\/\/lajotek.com.br\/wp-content\/uploads\/2024\/10\/lajeTrelicaEPS-1024x645.webp\" alt=\"Esquema de Laje Treli\u00e7a com EPS\" class=\"wp-image-777\" style=\"width:294px;height:auto\" srcset=\"https:\/\/lajotek.com.br\/wp-content\/uploads\/2024\/10\/lajeTrelicaEPS-1024x645.webp 1024w, https:\/\/lajotek.com.br\/wp-content\/uploads\/2024\/10\/lajeTrelicaEPS-300x189.webp 300w, https:\/\/lajotek.com.br\/wp-content\/uploads\/2024\/10\/lajeTrelicaEPS-768x484.webp 768w, https:\/\/lajotek.com.br\/wp-content\/uploads\/2024\/10\/lajeTrelicaEPS-png.webp 1248w\" sizes=\"auto, (max-width: 1024px) 100vw, 1024px\" \/><\/figure>\n\n\n\n<div class=\"wp-block-group is-vertical is-layout-flex wp-container-core-group-is-layout-1 wp-block-group-is-layout-flex\">\n<h2 class=\"wp-block-heading\">Laje Treli\u00e7a com EPS<\/h2>\n\n\n\n<p>Descubra a efici\u00eancia das laje treli\u00e7a com EPS. Ideal para constru\u00e7\u00f5es leves e r\u00e1pidas, esta solu\u00e7\u00e3o combina resist\u00eancia e isolamento t\u00e9rmico. Saiba mais sobre as vantagens e aplica\u00e7\u00f5es desta tecnologia inovadora.<\/p>\n\n\n\n<p>A laje \u00e9 pr\u00e9-fabricada na f\u00e1brica com elementos pr\u00e9-moldados (treli\u00e7as e concreto, que formam a vigota) sob condi\u00e7\u00f5es ideais e possui uma resist\u00eancia torcional necess\u00e1ria para conferir a rigidez necess\u00e1ria quando instalada. Tamb\u00e9m como a resist\u00eancia \u00e0 tens\u00e3o de flex\u00e3o, longitudinal e transversal, que \u00e9 necess\u00e1ria \u00e0 montagem e ao estado final. A laje \u00e9 transformada em um piso de concreto armado s\u00f3lido e monol\u00edtico utilizando concreto aplicado no local da constru\u00e7\u00e3o. A espessura final da laje \u00e9 de 12 a 30 cm dependendo da dimens\u00e3o do v\u00e3o e da exig\u00eancia de carga. A armadura de treli\u00e7as protuberantes e a pr\u00f3pria superf\u00edcie do concreto fornecem a ancoragem necess\u00e1ria. Isso assegura a boa liga\u00e7\u00e3o e ades\u00e3o entre a parte acabada e o concreto aplicado na obra.<\/p>\n\n\n\n<p>Podem ser compostas com blocos de diversos materiais, por\u00e9m os mais utilizados s\u00e3o os cer\u00e2micos (lajotas) e blocos de EPS. Como parte da armadura da vigota fica exposta o concreto da capa que \u00e9 lan\u00e7ado ap\u00f3s a montagem da laje. O concreto envolve totalmente a treli\u00e7a favorecendo a ader\u00eancia, evitando assim, o aparecimento de trincas na laje. Este tipo de laje pode ser utilizado tanto em obras grandes que necessitam de uma resist\u00eancia maior ou s\u00e3o necess\u00e1rios v\u00e3os maiores e em obras residenciais.<\/p>\n<\/div>\n<\/div>\n\n\n\n<div class=\"wp-block-column is-layout-flow wp-block-column-is-layout-flow\" style=\"flex-basis:30%\">\n<div class=\"wp-block-group is-vertical is-layout-flex wp-container-core-group-is-layout-10 wp-block-group-is-layout-flex\">\n<div class=\"wp-block-group produto is-vertical is-content-justification-center is-layout-flex wp-container-core-group-is-layout-2 wp-block-group-is-layout-flex\">\n<figure class=\"wp-block-image size-medium is-resized\"><a href=\"https:\/\/lajotek.com.br\/index.php\/produto-laje-trelica-eps\/\"><img loading=\"lazy\" decoding=\"async\" width=\"300\" height=\"189\" src=\"https:\/\/lajotek.com.br\/wp-content\/uploads\/2024\/10\/lajeTrelicaEPS-300x189.webp\" alt=\"Esquema de Laje Treli\u00e7a com EPS\" class=\"wp-image-777\" style=\"width:300px;height:auto\" srcset=\"https:\/\/lajotek.com.br\/wp-content\/uploads\/2024\/10\/lajeTrelicaEPS-300x189.webp 300w, https:\/\/lajotek.com.br\/wp-content\/uploads\/2024\/10\/lajeTrelicaEPS-1024x645.webp 1024w, https:\/\/lajotek.com.br\/wp-content\/uploads\/2024\/10\/lajeTrelicaEPS-768x484.webp 768w, https:\/\/lajotek.com.br\/wp-content\/uploads\/2024\/10\/lajeTrelicaEPS-png.webp 1248w\" sizes=\"auto, (max-width: 300px) 100vw, 300px\" \/><\/a><\/figure>\n\n\n\n<p class=\"has-text-align-center\"><a href=\"https:\/\/lajotek.com.br\/index.php\/produto-laje-trelica-eps\/\">Laje Treli\u00e7a com EPS<\/a><\/p>\n<\/div>\n\n\n\n<div class=\"wp-block-group produto is-vertical is-content-justification-center is-layout-flex wp-container-core-group-is-layout-3 wp-block-group-is-layout-flex\">\n<figure class=\"wp-block-image size-medium\"><a href=\"https:\/\/lajotek.com.br\/index.php\/produto-laje-trelica-ceramica\/\"><img loading=\"lazy\" decoding=\"async\" width=\"300\" height=\"191\" src=\"https:\/\/lajotek.com.br\/wp-content\/uploads\/2024\/10\/lajeTrelicaCeramica-300x191.webp\" alt=\"Esquema de Laje Treli\u00e7a com Blocos de Cer\u00e2mica\" class=\"wp-image-779\" srcset=\"https:\/\/lajotek.com.br\/wp-content\/uploads\/2024\/10\/lajeTrelicaCeramica-300x191.webp 300w, https:\/\/lajotek.com.br\/wp-content\/uploads\/2024\/10\/lajeTrelicaCeramica-1024x651.webp 1024w, https:\/\/lajotek.com.br\/wp-content\/uploads\/2024\/10\/lajeTrelicaCeramica-768x489.webp 768w, https:\/\/lajotek.com.br\/wp-content\/uploads\/2024\/10\/lajeTrelicaCeramica-png.webp 1344w\" sizes=\"auto, (max-width: 300px) 100vw, 300px\" \/><\/a><\/figure>\n\n\n\n<p class=\"has-text-align-center\"><a href=\"https:\/\/lajotek.com.br\/index.php\/produto-laje-trelica-ceramica\/\">Laje Treli\u00e7a com Cer\u00e2mica<\/a><\/p>\n<\/div>\n\n\n\n<div class=\"wp-block-group produto is-vertical is-content-justification-center is-layout-flex wp-container-core-group-is-layout-4 wp-block-group-is-layout-flex\">\n<figure class=\"wp-block-image size-medium\"><a href=\"https:\/\/lajotek.com.br\/index.php\/produto-laje-mini-painel\/\"><img loading=\"lazy\" decoding=\"async\" width=\"300\" height=\"190\" src=\"https:\/\/lajotek.com.br\/wp-content\/uploads\/2024\/10\/lajePainel-300x190.webp\" alt=\"Esquema de Laje Mini painel 30cm com Blocos EPS\" class=\"wp-image-778\" srcset=\"https:\/\/lajotek.com.br\/wp-content\/uploads\/2024\/10\/lajePainel-300x190.webp 300w, https:\/\/lajotek.com.br\/wp-content\/uploads\/2024\/10\/lajePainel-1024x649.webp 1024w, https:\/\/lajotek.com.br\/wp-content\/uploads\/2024\/10\/lajePainel-768x487.webp 768w, https:\/\/lajotek.com.br\/wp-content\/uploads\/2024\/10\/lajePainel-png.webp 1335w\" sizes=\"auto, (max-width: 300px) 100vw, 300px\" \/><\/a><\/figure>\n\n\n\n<p class=\"has-text-align-center\"><a href=\"https:\/\/lajotek.com.br\/index.php\/produto-laje-mini-painel\/\">Laje Treli\u00e7a Mini Painel<\/a><\/p>\n<\/div>\n\n\n\n<div class=\"wp-block-group produto is-vertical is-content-justification-center is-layout-flex wp-container-core-group-is-layout-5 wp-block-group-is-layout-flex\">\n<figure class=\"wp-block-image size-medium\"><a href=\"https:\/\/lajotek.com.br\/index.php\/produto-laje-trelica-bidirecional\/\"><img loading=\"lazy\" decoding=\"async\" width=\"300\" height=\"191\" src=\"https:\/\/lajotek.com.br\/wp-content\/uploads\/2024\/10\/lajeBidirecional-300x191.webp\" alt=\"Esquema de Laje Bidirecional com Blocos EPS\" class=\"wp-image-781\" srcset=\"https:\/\/lajotek.com.br\/wp-content\/uploads\/2024\/10\/lajeBidirecional-300x191.webp 300w, https:\/\/lajotek.com.br\/wp-content\/uploads\/2024\/10\/lajeBidirecional-1024x652.webp 1024w, https:\/\/lajotek.com.br\/wp-content\/uploads\/2024\/10\/lajeBidirecional-768x489.webp 768w, https:\/\/lajotek.com.br\/wp-content\/uploads\/2024\/10\/lajeBidirecional-png.webp 1335w\" sizes=\"auto, (max-width: 300px) 100vw, 300px\" \/><\/a><\/figure>\n\n\n\n<p class=\"has-text-align-center\"><a href=\"https:\/\/lajotek.com.br\/index.php\/produto-laje-trelica-bidirecional\/\">Laje Treli\u00e7a Bidirecional<\/a><\/p>\n<\/div>\n\n\n\n<div class=\"wp-block-group produto is-vertical is-content-justification-center is-layout-flex wp-container-core-group-is-layout-6 wp-block-group-is-layout-flex\">\n<figure class=\"wp-block-image size-medium\"><a href=\"https:\/\/lajotek.com.br\/index.php\/laje-convencional-eps-ou-ceramica\/\"><img loading=\"lazy\" decoding=\"async\" width=\"300\" height=\"191\" src=\"https:\/\/lajotek.com.br\/wp-content\/uploads\/2024\/10\/lajeConvencional-300x191.webp\" alt=\"Esquema de Convencional com Blocos em Cer\u00e2mica\" class=\"wp-image-780\" srcset=\"https:\/\/lajotek.com.br\/wp-content\/uploads\/2024\/10\/lajeConvencional-300x191.webp 300w, https:\/\/lajotek.com.br\/wp-content\/uploads\/2024\/10\/lajeConvencional-1024x652.webp 1024w, https:\/\/lajotek.com.br\/wp-content\/uploads\/2024\/10\/lajeConvencional-768x489.webp 768w, https:\/\/lajotek.com.br\/wp-content\/uploads\/2024\/10\/lajeConvencional-png.webp 1335w\" sizes=\"auto, (max-width: 300px) 100vw, 300px\" \/><\/a><\/figure>\n\n\n\n<p class=\"has-text-align-center\"><a href=\"https:\/\/lajotek.com.br\/index.php\/laje-convencional-eps-ou-ceramica\/\">Laje Convencional<\/a><\/p>\n<\/div>\n\n\n\n<div class=\"wp-block-group produto is-vertical is-content-justification-center is-layout-flex wp-container-core-group-is-layout-7 wp-block-group-is-layout-flex\">\n<figure class=\"wp-block-image size-medium\"><a href=\"https:\/\/lajotek.com.br\/index.php\/produto-malha-pop\/\"><img loading=\"lazy\" decoding=\"async\" width=\"300\" height=\"225\" src=\"https:\/\/lajotek.com.br\/wp-content\/uploads\/2024\/10\/malhaPop-300x225.webp\" alt=\"Malha POP Gerdau para refor\u00e7o da capa de concreto.\" class=\"wp-image-797\" srcset=\"https:\/\/lajotek.com.br\/wp-content\/uploads\/2024\/10\/malhaPop-300x225.webp 300w, https:\/\/lajotek.com.br\/wp-content\/uploads\/2024\/10\/malhaPop-768x576.webp 768w, https:\/\/lajotek.com.br\/wp-content\/uploads\/2024\/10\/malhaPop-jpeg.webp 1000w\" sizes=\"auto, (max-width: 300px) 100vw, 300px\" \/><\/a><\/figure>\n\n\n\n<p class=\"has-text-align-center\"><a href=\"https:\/\/lajotek.com.br\/index.php\/produto-malha-pop\/\">Malha Pop<\/a><\/p>\n<\/div>\n\n\n\n<div class=\"wp-block-group produto is-vertical is-content-justification-center is-layout-flex wp-container-core-group-is-layout-8 wp-block-group-is-layout-flex\">\n<figure class=\"wp-block-image size-full is-resized\"><a href=\"https:\/\/lajotek.com.br\/index.php\/produto-caixa-de-luz-concreto-para-laje\/\"><img loading=\"lazy\" decoding=\"async\" width=\"150\" height=\"112\" src=\"https:\/\/lajotek.com.br\/wp-content\/uploads\/2024\/10\/caixaLuz-jpg.webp\" alt=\"Modelo de Caixa de Luz em Concreto para embutir em laje\" class=\"wp-image-783\" style=\"width:304px;height:auto\"\/><\/a><\/figure>\n\n\n\n<p class=\"has-text-align-center\"><a href=\"https:\/\/lajotek.com.br\/index.php\/produto-caixa-de-luz-concreto-para-laje\/\">Caixa de Luz<\/a><\/p>\n<\/div>\n\n\n\n<div class=\"wp-block-group produto oculto is-vertical is-content-justification-center is-layout-flex wp-container-core-group-is-layout-9 wp-block-group-is-layout-flex\">\n<figure class=\"wp-block-image size-medium\"><a href=\"https:\/\/lajotek.com.br\/index.php\/produto-escoras-de-bracatinga\/\"><img loading=\"lazy\" decoding=\"async\" width=\"300\" height=\"197\" src=\"https:\/\/lajotek.com.br\/wp-content\/uploads\/2024\/10\/escoras_bracatinga-300x197.webp\" alt=\"Escora em Bracatinga\" class=\"wp-image-782\" srcset=\"https:\/\/lajotek.com.br\/wp-content\/uploads\/2024\/10\/escoras_bracatinga-300x197.webp 300w, https:\/\/lajotek.com.br\/wp-content\/uploads\/2024\/10\/escoras_bracatinga-jpg.webp 450w\" sizes=\"auto, (max-width: 300px) 100vw, 300px\" \/><\/a><\/figure>\n\n\n\n<p class=\"has-text-align-center\"><a href=\"https:\/\/lajotek.com.br\/index.php\/produto-escoras-de-bracatinga\/\">Escoras de bracatinga<\/a><\/p>\n<\/div>\n<\/div>\n<\/div>\n<\/div>\n","protected":false},"excerpt":{"rendered":"<p>Laje Treli\u00e7a com EPS Descubra a efici\u00eancia das laje treli\u00e7a com EPS. Ideal para constru\u00e7\u00f5es leves e r\u00e1pidas, esta solu\u00e7\u00e3o combina resist\u00eancia e isolamento t\u00e9rmico. Saiba mais sobre as vantagens e aplica\u00e7\u00f5es desta tecnologia inovadora. A laje \u00e9 pr\u00e9-fabricada na f\u00e1brica com elementos pr\u00e9-moldados (treli\u00e7as e concreto, que formam a vigota) sob condi\u00e7\u00f5es ideais e [&hellip;]<\/p>\n","protected":false},"author":1,"featured_media":0,"parent":0,"menu_order":0,"comment_status":"closed","ping_status":"closed","template":"page-no-title","meta":{"footnotes":""},"class_list":["post-573","page","type-page","status-publish","hentry"],"yoast_head":"<!-- This site is optimized with the Yoast SEO plugin v23.9 - https:\/\/yoast.com\/wordpress\/plugins\/seo\/ -->\n<title>Laje Treli\u00e7a com EPS - Lajes em Curitiba<\/title>\n<meta name=\"description\" content=\"Laje pr\u00e9-moldada com vigas de treli\u00e7a e enchimento em blocos de EPS: solu\u00e7\u00e3o leve e eficiente para constru\u00e7\u00f5es, com \u00f3timo isolamento t\u00e9rmico\" \/>\n<meta name=\"robots\" content=\"index, follow, max-snippet:-1, max-image-preview:large, max-video-preview:-1\" \/>\n<link rel=\"canonical\" href=\"https:\/\/lajotek.com.br\/index.php\/produto-laje-trelica-eps\/\" \/>\n<meta property=\"og:locale\" content=\"pt_BR\" \/>\n<meta property=\"og:type\" content=\"article\" \/>\n<meta property=\"og:title\" content=\"Laje Treli\u00e7a com EPS - Lajes em Curitiba\" \/>\n<meta property=\"og:description\" content=\"Laje pr\u00e9-moldada com vigas de treli\u00e7a e enchimento em blocos de EPS: solu\u00e7\u00e3o leve e eficiente para constru\u00e7\u00f5es, com \u00f3timo isolamento t\u00e9rmico\" \/>\n<meta property=\"og:url\" content=\"https:\/\/lajotek.com.br\/index.php\/produto-laje-trelica-eps\/\" \/>\n<meta property=\"og:site_name\" content=\"Lajes Lajotek - Laje Treli\u00e7a, Convencional, Painel e Bidirecionai | Lajes em Curitiba\" \/>\n<meta property=\"article:publisher\" content=\"https:\/\/facebook.com.br\/lajotek\" \/>\n<meta property=\"article:modified_time\" content=\"2024-10-01T16:20:16+00:00\" \/>\n<meta property=\"og:image\" content=\"https:\/\/lajotek.com.br\/wp-content\/uploads\/2024\/10\/lajeTrelicaEPS-1024x645.webp\" \/>\n<meta name=\"twitter:card\" content=\"summary_large_image\" \/>\n<meta name=\"twitter:label1\" content=\"Est. tempo de leitura\" \/>\n\t<meta name=\"twitter:data1\" content=\"4 minutos\" \/>\n<script type=\"application\/ld+json\" class=\"yoast-schema-graph\">{\"@context\":\"https:\/\/schema.org\",\"@graph\":[{\"@type\":\"WebPage\",\"@id\":\"https:\/\/lajotek.com.br\/index.php\/produto-laje-trelica-eps\/\",\"url\":\"https:\/\/lajotek.com.br\/index.php\/produto-laje-trelica-eps\/\",\"name\":\"Laje Treli\u00e7a com EPS - Lajes em Curitiba\",\"isPartOf\":{\"@id\":\"https:\/\/lajotek.com.br\/#website\"},\"primaryImageOfPage\":{\"@id\":\"https:\/\/lajotek.com.br\/index.php\/produto-laje-trelica-eps\/#primaryimage\"},\"image\":{\"@id\":\"https:\/\/lajotek.com.br\/index.php\/produto-laje-trelica-eps\/#primaryimage\"},\"thumbnailUrl\":\"https:\/\/lajotek.com.br\/wp-content\/uploads\/2024\/10\/lajeTrelicaEPS-1024x645.webp\",\"datePublished\":\"2024-09-10T13:59:56+00:00\",\"dateModified\":\"2024-10-01T16:20:16+00:00\",\"description\":\"Laje pr\u00e9-moldada com vigas de treli\u00e7a e enchimento em blocos de EPS: solu\u00e7\u00e3o leve e eficiente para constru\u00e7\u00f5es, com \u00f3timo isolamento t\u00e9rmico\",\"breadcrumb\":{\"@id\":\"https:\/\/lajotek.com.br\/index.php\/produto-laje-trelica-eps\/#breadcrumb\"},\"inLanguage\":\"pt-BR\",\"potentialAction\":[{\"@type\":\"ReadAction\",\"target\":[\"https:\/\/lajotek.com.br\/index.php\/produto-laje-trelica-eps\/\"]}]},{\"@type\":\"ImageObject\",\"inLanguage\":\"pt-BR\",\"@id\":\"https:\/\/lajotek.com.br\/index.php\/produto-laje-trelica-eps\/#primaryimage\",\"url\":\"https:\/\/lajotek.com.br\/wp-content\/uploads\/2024\/10\/lajeTrelicaEPS-png.webp\",\"contentUrl\":\"https:\/\/lajotek.com.br\/wp-content\/uploads\/2024\/10\/lajeTrelicaEPS-png.webp\",\"width\":1248,\"height\":786,\"caption\":\"Esquema de Laje Treli\u00e7a com EPS\"},{\"@type\":\"BreadcrumbList\",\"@id\":\"https:\/\/lajotek.com.br\/index.php\/produto-laje-trelica-eps\/#breadcrumb\",\"itemListElement\":[{\"@type\":\"ListItem\",\"position\":1,\"name\":\"In\u00edcio\",\"item\":\"https:\/\/lajotek.com.br\/\"},{\"@type\":\"ListItem\",\"position\":2,\"name\":\"Produto &#8211; Laje Treli\u00e7a EPS\"}]},{\"@type\":\"WebSite\",\"@id\":\"https:\/\/lajotek.com.br\/#website\",\"url\":\"https:\/\/lajotek.com.br\/\",\"name\":\"Lajotek Lajes Treli\u00e7as, Convencional, Painel e Bidirecionais | Lajes em Curitiba\",\"description\":\"Desde 1986, a Lajotek se destaca na fabrica\u00e7\u00e3o de lajes, vigas pr\u00e9-moldadas e blocos de EPS para constru\u00e7\u00f5es residenciais e comerciais em Curitiba e regi\u00e3o. Priorizamos qualidade e atendimento ao cliente. Confira nossa variedade de produtos!\",\"publisher\":{\"@id\":\"https:\/\/lajotek.com.br\/#organization\"},\"alternateName\":\"Lajotek - Lajes Curitiba\",\"potentialAction\":[{\"@type\":\"SearchAction\",\"target\":{\"@type\":\"EntryPoint\",\"urlTemplate\":\"https:\/\/lajotek.com.br\/?s={search_term_string}\"},\"query-input\":{\"@type\":\"PropertyValueSpecification\",\"valueRequired\":true,\"valueName\":\"search_term_string\"}}],\"inLanguage\":\"pt-BR\"},{\"@type\":\"Organization\",\"@id\":\"https:\/\/lajotek.com.br\/#organization\",\"name\":\"Lajotek Lajes Treli\u00e7as, Convencional, Painel e Bidirecionais | Lajes em Curitiba\",\"alternateName\":\"Lajotek - Lajes Curitiba\",\"url\":\"https:\/\/lajotek.com.br\/\",\"logo\":{\"@type\":\"ImageObject\",\"inLanguage\":\"pt-BR\",\"@id\":\"https:\/\/lajotek.com.br\/#\/schema\/logo\/image\/\",\"url\":\"https:\/\/lajotek.com.br\/wp-content\/uploads\/2024\/10\/logo-png.webp\",\"contentUrl\":\"https:\/\/lajotek.com.br\/wp-content\/uploads\/2024\/10\/logo-png.webp\",\"width\":976,\"height\":1002,\"caption\":\"Lajotek Lajes Treli\u00e7as, Convencional, Painel e Bidirecionais | Lajes em Curitiba\"},\"image\":{\"@id\":\"https:\/\/lajotek.com.br\/#\/schema\/logo\/image\/\"},\"sameAs\":[\"https:\/\/facebook.com.br\/lajotek\",\"https:\/\/www.instagram.com\/lajeslajotek\"]}]}<\/script>\n<!-- \/ Yoast SEO plugin. -->","yoast_head_json":{"title":"Laje Treli\u00e7a com EPS - Lajes em Curitiba","description":"Laje pr\u00e9-moldada com vigas de treli\u00e7a e enchimento em blocos de EPS: solu\u00e7\u00e3o leve e eficiente para constru\u00e7\u00f5es, com \u00f3timo isolamento t\u00e9rmico","robots":{"index":"index","follow":"follow","max-snippet":"max-snippet:-1","max-image-preview":"max-image-preview:large","max-video-preview":"max-video-preview:-1"},"canonical":"https:\/\/lajotek.com.br\/index.php\/produto-laje-trelica-eps\/","og_locale":"pt_BR","og_type":"article","og_title":"Laje Treli\u00e7a com EPS - Lajes em Curitiba","og_description":"Laje pr\u00e9-moldada com vigas de treli\u00e7a e enchimento em blocos de EPS: solu\u00e7\u00e3o leve e eficiente para constru\u00e7\u00f5es, com \u00f3timo isolamento t\u00e9rmico","og_url":"https:\/\/lajotek.com.br\/index.php\/produto-laje-trelica-eps\/","og_site_name":"Lajes Lajotek - Laje Treli\u00e7a, Convencional, Painel e Bidirecionai | Lajes em Curitiba","article_publisher":"https:\/\/facebook.com.br\/lajotek","article_modified_time":"2024-10-01T16:20:16+00:00","og_image":[{"url":"https:\/\/lajotek.com.br\/wp-content\/uploads\/2024\/10\/lajeTrelicaEPS-1024x645.webp"}],"twitter_card":"summary_large_image","twitter_misc":{"Est. tempo de leitura":"4 minutos"},"schema":{"@context":"https:\/\/schema.org","@graph":[{"@type":"WebPage","@id":"https:\/\/lajotek.com.br\/index.php\/produto-laje-trelica-eps\/","url":"https:\/\/lajotek.com.br\/index.php\/produto-laje-trelica-eps\/","name":"Laje Treli\u00e7a com EPS - Lajes em Curitiba","isPartOf":{"@id":"https:\/\/lajotek.com.br\/#website"},"primaryImageOfPage":{"@id":"https:\/\/lajotek.com.br\/index.php\/produto-laje-trelica-eps\/#primaryimage"},"image":{"@id":"https:\/\/lajotek.com.br\/index.php\/produto-laje-trelica-eps\/#primaryimage"},"thumbnailUrl":"https:\/\/lajotek.com.br\/wp-content\/uploads\/2024\/10\/lajeTrelicaEPS-1024x645.webp","datePublished":"2024-09-10T13:59:56+00:00","dateModified":"2024-10-01T16:20:16+00:00","description":"Laje pr\u00e9-moldada com vigas de treli\u00e7a e enchimento em blocos de EPS: solu\u00e7\u00e3o leve e eficiente para constru\u00e7\u00f5es, com \u00f3timo isolamento t\u00e9rmico","breadcrumb":{"@id":"https:\/\/lajotek.com.br\/index.php\/produto-laje-trelica-eps\/#breadcrumb"},"inLanguage":"pt-BR","potentialAction":[{"@type":"ReadAction","target":["https:\/\/lajotek.com.br\/index.php\/produto-laje-trelica-eps\/"]}]},{"@type":"ImageObject","inLanguage":"pt-BR","@id":"https:\/\/lajotek.com.br\/index.php\/produto-laje-trelica-eps\/#primaryimage","url":"https:\/\/lajotek.com.br\/wp-content\/uploads\/2024\/10\/lajeTrelicaEPS-png.webp","contentUrl":"https:\/\/lajotek.com.br\/wp-content\/uploads\/2024\/10\/lajeTrelicaEPS-png.webp","width":1248,"height":786,"caption":"Esquema de Laje Treli\u00e7a com EPS"},{"@type":"BreadcrumbList","@id":"https:\/\/lajotek.com.br\/index.php\/produto-laje-trelica-eps\/#breadcrumb","itemListElement":[{"@type":"ListItem","position":1,"name":"In\u00edcio","item":"https:\/\/lajotek.com.br\/"},{"@type":"ListItem","position":2,"name":"Produto &#8211; Laje Treli\u00e7a EPS"}]},{"@type":"WebSite","@id":"https:\/\/lajotek.com.br\/#website","url":"https:\/\/lajotek.com.br\/","name":"Lajotek Lajes Treli\u00e7as, Convencional, Painel e Bidirecionais | Lajes em Curitiba","description":"Desde 1986, a Lajotek se destaca na fabrica\u00e7\u00e3o de lajes, vigas pr\u00e9-moldadas e blocos de EPS para constru\u00e7\u00f5es residenciais e comerciais em Curitiba e regi\u00e3o. Priorizamos qualidade e atendimento ao cliente. Confira nossa variedade de produtos!","publisher":{"@id":"https:\/\/lajotek.com.br\/#organization"},"alternateName":"Lajotek - Lajes Curitiba","potentialAction":[{"@type":"SearchAction","target":{"@type":"EntryPoint","urlTemplate":"https:\/\/lajotek.com.br\/?s={search_term_string}"},"query-input":{"@type":"PropertyValueSpecification","valueRequired":true,"valueName":"search_term_string"}}],"inLanguage":"pt-BR"},{"@type":"Organization","@id":"https:\/\/lajotek.com.br\/#organization","name":"Lajotek Lajes Treli\u00e7as, Convencional, Painel e Bidirecionais | Lajes em Curitiba","alternateName":"Lajotek - Lajes Curitiba","url":"https:\/\/lajotek.com.br\/","logo":{"@type":"ImageObject","inLanguage":"pt-BR","@id":"https:\/\/lajotek.com.br\/#\/schema\/logo\/image\/","url":"https:\/\/lajotek.com.br\/wp-content\/uploads\/2024\/10\/logo-png.webp","contentUrl":"https:\/\/lajotek.com.br\/wp-content\/uploads\/2024\/10\/logo-png.webp","width":976,"height":1002,"caption":"Lajotek Lajes Treli\u00e7as, Convencional, Painel e Bidirecionais | Lajes em Curitiba"},"image":{"@id":"https:\/\/lajotek.com.br\/#\/schema\/logo\/image\/"},"sameAs":["https:\/\/facebook.com.br\/lajotek","https:\/\/www.instagram.com\/lajeslajotek"]}]}},"_links":{"self":[{"href":"https:\/\/lajotek.com.br\/index.php\/wp-json\/wp\/v2\/pages\/573","targetHints":{"allow":["GET"]}}],"collection":[{"href":"https:\/\/lajotek.com.br\/index.php\/wp-json\/wp\/v2\/pages"}],"about":[{"href":"https:\/\/lajotek.com.br\/index.php\/wp-json\/wp\/v2\/types\/page"}],"author":[{"embeddable":true,"href":"https:\/\/lajotek.com.br\/index.php\/wp-json\/wp\/v2\/users\/1"}],"replies":[{"embeddable":true,"href":"https:\/\/lajotek.com.br\/index.php\/wp-json\/wp\/v2\/comments?post=573"}],"version-history":[{"count":0,"href":"https:\/\/lajotek.com.br\/index.php\/wp-json\/wp\/v2\/pages\/573\/revisions"}],"wp:attachment":[{"href":"https:\/\/lajotek.com.br\/index.php\/wp-json\/wp\/v2\/media?parent=573"}],"curies":[{"name":"wp","href":"https:\/\/api.w.org\/{rel}","templated":true}]}}