{"id":517,"date":"2024-09-10T01:31:59","date_gmt":"2024-09-09T22:31:59","guid":{"rendered":"https:\/\/lajotek.com.br\/novo\/?page_id=517"},"modified":"2024-09-10T22:29:32","modified_gmt":"2024-09-10T19:29:32","slug":"qualidade-dos-produtos-da-lajotek","status":"publish","type":"page","link":"https:\/\/lajotek.com.br\/index.php\/qualidade-dos-produtos-da-lajotek\/","title":{"rendered":"Qualidade"},"content":{"rendered":"\n<p>Para manter a qualidade dos produtos da lajotek. Utilizamos apenas materiais de qualidade como Cimento ARI CP-V e Agregados da Votoran, os A\u00e7os s\u00e3o fornecidos pela Gerdau e as treli\u00e7as pela Puma. Temos um rigoroso controle de qualidade com ensaios e verifica\u00e7\u00e3o dos produtos em laborat\u00f3rios. Tamb\u00e9m seguimos rigorosamente as Normas da ABNT.<\/p>\n\n\n\n<div class=\"wp-block-group alignfull has-base-2-background-color has-background has-global-padding is-layout-constrained wp-block-group-is-layout-constrained\" style=\"padding-top:var(--wp--preset--spacing--40);padding-bottom:var(--wp--preset--spacing--40)\">\n<div class=\"wp-block-columns alignwide has-base-2-background-color has-background is-layout-flex wp-container-core-columns-is-layout-1 wp-block-columns-is-layout-flex\">\n<div class=\"wp-block-column is-layout-flow wp-block-column-is-layout-flow\">\n<figure class=\"wp-block-image size-full\"><img loading=\"lazy\" decoding=\"async\" width=\"325\" height=\"92\" src=\"https:\/\/lajotek.com.br\/wp-content\/uploads\/2024\/09\/creapr.png\" alt=\"qualidade dos produtos da lajotek - logo crea\" class=\"wp-image-518\" srcset=\"https:\/\/lajotek.com.br\/wp-content\/uploads\/2024\/09\/creapr.png 325w, https:\/\/lajotek.com.br\/wp-content\/uploads\/2024\/09\/creapr-300x85.png 300w\" sizes=\"auto, (max-width: 325px) 100vw, 325px\" \/><\/figure>\n<\/div>\n\n\n\n<div class=\"wp-block-column is-layout-flow wp-block-column-is-layout-flow\">\n<div class=\"wp-block-group alignfull has-global-padding is-layout-constrained wp-block-group-is-layout-constrained\">\n<p class=\"has-small-font-size\"><strong>REGISTRO NO CREA PR<\/strong> SOB O N\u00daMERO<a href=\"http:\/\/creaweb.crea-pr.org.br\/consultas\/consultaemp.asp?PESQUISA=CODIGO&amp;TIPO=L&amp;CODIGO=7834\" target=\"_blank\" rel=\"noreferrer noopener\"> 7834<\/a><\/p>\n\n\n\n<h5 class=\"wp-block-heading\"><strong>ENGENHEIRO RESPONS\u00c1VEL<\/strong><\/h5>\n\n\n\n<p class=\"has-small-font-size\">JEFFERSON LUIS DE OLIVEIRA PEREIRA LYRA (<a href=\"http:\/\/creaweb.crea-pr.org.br\/consultas\/consultaprof.asp?PESQUISA=CARTEIRA&amp;TIPO=LEIGO&amp;CARTEIRA=PR-24567\/D\" target=\"_blank\" rel=\"noreferrer noopener\">PR-24567\/D<\/a>)<\/p>\n\n\n\n<p class=\"has-small-font-size\"><a href=\"http:\/\/creaweb.crea-pr.org.br\/consultas\/menupub.asp\" target=\"_blank\" rel=\"noreferrer noopener\">Consulte as empresas e prodissionais cadastrados no CREA\/PR<\/a><\/p>\n<\/div>\n<\/div>\n<\/div>\n\n\n\n<div class=\"wp-block-columns alignwide is-layout-flex wp-container-core-columns-is-layout-2 wp-block-columns-is-layout-flex\">\n<div class=\"wp-block-column is-layout-flow wp-block-column-is-layout-flow\">\n<p class=\"has-text-align-left wp-container-content-1\"><\/p>\n<\/div>\n\n\n\n<div class=\"wp-block-column is-layout-flow wp-block-column-is-layout-flow\">\n<p>Antes de comprar consulte a especifica\u00e7\u00e3o detalhada de sua laje, principalmente os a\u00e7os adicionais, que s\u00e3o respons\u00e1veis pelo refor\u00e7o e qualidade da laje. Esses a\u00e7os s\u00e3o os que geram um maior custo da laje e tamb\u00e9m uma maior seguran\u00e7a para a sua obra. Assim voc\u00ea evita surpresas futuras, como rachaduras ou \u201cbarrigas\u201d que podem fazer que sua laje venha a ceder.<\/p>\n<\/div>\n<\/div>\n<\/div>\n\n\n\n<figure class=\"wp-block-image aligncenter size-full\"><img loading=\"lazy\" decoding=\"async\" width=\"420\" height=\"191\" src=\"https:\/\/lajotek.com.br\/wp-content\/uploads\/2024\/09\/abnt.png\" alt=\"qualidade dos produtos da lajotek usando normas da abnt\" class=\"wp-image-519\" srcset=\"https:\/\/lajotek.com.br\/wp-content\/uploads\/2024\/09\/abnt.png 420w, https:\/\/lajotek.com.br\/wp-content\/uploads\/2024\/09\/abnt-300x136.png 300w\" sizes=\"auto, (max-width: 420px) 100vw, 420px\" \/><\/figure>\n\n\n\n<div class=\"wp-block-columns alignwide is-layout-flex wp-container-core-columns-is-layout-3 wp-block-columns-is-layout-flex\" style=\"padding-right:var(--wp--preset--spacing--10);padding-left:var(--wp--preset--spacing--10)\">\n<div class=\"wp-block-column is-layout-flow wp-block-column-is-layout-flow\">\n<p class=\"has-text-align-center has-large-font-size\"><strong>CONCRETO<\/strong><\/p>\n\n\n\n<ul class=\"wp-block-list\">\n<li>NBR 14931:2004 \u2013 Execu\u00e7\u00e3o de Estruturas de Concreto &#8211; Procedimentos<\/li>\n\n\n\n<li>NBR 7212:1984 \u2013 Execu\u00e7\u00e3o de concreto dosado em central \u2013 Procedimento<\/li>\n\n\n\n<li>NBR 9062:2001 \u2013 Projeto e execu\u00e7\u00e3o de estruturas de concreto pr\u00e9-moldado \u2013 Procedimento<\/li>\n\n\n\n<li>NBR 6118:2003 \u2013 Projeto de estruturas de concreto &#8211; Procedimento<\/li>\n<\/ul>\n<\/div>\n\n\n\n<div class=\"wp-block-column is-layout-flow wp-block-column-is-layout-flow\">\n<p class=\"has-text-align-center has-large-font-size\"><strong>LAJE<\/strong><\/p>\n\n\n\n<ul class=\"wp-block-list\">\n<li>NBR 14860-1:2002 &#8211; Laje pr\u00e9-fabricada &#8211; Pr\u00e9-laje &#8211; Requisitos Parte 1: Lajes unidirecionais<\/li>\n\n\n\n<li>NBR 14860-2:2002 &#8211; Laje pr\u00e9-fabricada &#8211; Pr\u00e9-laje &#8211; Requisitos Parte 2: Lajes bidirecionais<\/li>\n\n\n\n<li>NBR 14859-1:2002 \u2013 Laje pr\u00e9-fabricada &#8211; Requisitos Parte 1: Lajes unidirecionais<\/li>\n\n\n\n<li>NBR 14859-2:2002 \u2013 Laje pr\u00e9-fabricada &#8211; Requisitos Parte 2: Lajes bidirecionais<\/li>\n<\/ul>\n<\/div>\n\n\n\n<div class=\"wp-block-column is-layout-flow wp-block-column-is-layout-flow\">\n<p class=\"has-text-align-center has-large-font-size\"><strong>A\u00c7O<\/strong><\/p>\n\n\n\n<ul class=\"wp-block-list\">\n<li>NBR 7480:1996 \u2013 Barras e fios de a\u00e7o destinados a armaduras para concreto armado \u2013 Especifica\u00e7\u00e3o<\/li>\n\n\n\n<li>NBR 14862:2002 \u2013 Armaduras treli\u00e7adas eletrossoldadas &#8211; Requisitos<\/li>\n<\/ul>\n<\/div>\n<\/div>\n\n\n\n<div class=\"wp-block-group alignfull has-global-padding is-layout-constrained wp-container-core-group-is-layout-5 wp-block-group-is-layout-constrained\" style=\"margin-top:0;margin-bottom:0;padding-top:var(--wp--preset--spacing--50);padding-right:var(--wp--preset--spacing--50);padding-bottom:var(--wp--preset--spacing--50);padding-left:var(--wp--preset--spacing--50)\">\n<div class=\"wp-block-group alignwide has-base-2-background-color has-background is-layout-flow wp-block-group-is-layout-flow\" style=\"border-radius:16px;padding-top:var(--wp--preset--spacing--50);padding-right:var(--wp--preset--spacing--50);padding-bottom:var(--wp--preset--spacing--50);padding-left:var(--wp--preset--spacing--50)\">\n<p class=\"has-text-align-center\">Trabalhamos com os melhores fornecedores para manter a qualidade dos produtos da lajotek.<\/p>\n\n\n\n<div style=\"height:var(--wp--preset--spacing--10)\" aria-hidden=\"true\" class=\"wp-block-spacer\"><\/div>\n\n\n\n<div class=\"wp-block-group alignwide is-content-justification-center is-layout-flex wp-container-core-group-is-layout-3 wp-block-group-is-layout-flex\" style=\"padding-top:0;padding-right:0;padding-bottom:0;padding-left:0\">\n<figure class=\"wp-block-image size-full is-resized\"><img loading=\"lazy\" decoding=\"async\" width=\"400\" height=\"143\" src=\"https:\/\/lajotek.com.br\/wp-content\/uploads\/2024\/09\/vcimentos.png\" alt=\"\" class=\"wp-image-512\" style=\"aspect-ratio:4\/3;object-fit:contain;width:150px\" srcset=\"https:\/\/lajotek.com.br\/wp-content\/uploads\/2024\/09\/vcimentos.png 400w, https:\/\/lajotek.com.br\/wp-content\/uploads\/2024\/09\/vcimentos-300x107.png 300w\" sizes=\"auto, (max-width: 400px) 100vw, 400px\" \/><\/figure>\n\n\n\n<figure class=\"wp-block-image size-full is-resized\"><img loading=\"lazy\" decoding=\"async\" width=\"400\" height=\"120\" src=\"https:\/\/lajotek.com.br\/wp-content\/uploads\/2024\/09\/puma.png\" alt=\"\" class=\"wp-image-511\" style=\"aspect-ratio:4\/3;object-fit:contain;width:150px\" srcset=\"https:\/\/lajotek.com.br\/wp-content\/uploads\/2024\/09\/puma.png 400w, https:\/\/lajotek.com.br\/wp-content\/uploads\/2024\/09\/puma-300x90.png 300w\" sizes=\"auto, (max-width: 400px) 100vw, 400px\" \/><\/figure>\n\n\n\n<figure class=\"wp-block-image size-full is-resized\"><img loading=\"lazy\" decoding=\"async\" width=\"400\" height=\"117\" src=\"https:\/\/lajotek.com.br\/wp-content\/uploads\/2024\/09\/gerdau.png\" alt=\"\" class=\"wp-image-510\" style=\"aspect-ratio:4\/3;object-fit:contain;width:150px\" srcset=\"https:\/\/lajotek.com.br\/wp-content\/uploads\/2024\/09\/gerdau.png 400w, https:\/\/lajotek.com.br\/wp-content\/uploads\/2024\/09\/gerdau-300x88.png 300w\" sizes=\"auto, (max-width: 400px) 100vw, 400px\" \/><\/figure>\n\n\n\n<figure class=\"wp-block-image size-full is-resized\"><img loading=\"lazy\" decoding=\"async\" width=\"805\" height=\"152\" src=\"https:\/\/lajotek.com.br\/wp-content\/uploads\/2024\/09\/LOGO-COR-TRANSPARENTE.png.webp\" alt=\"\" class=\"wp-image-513\" style=\"aspect-ratio:4\/3;object-fit:contain;width:150px\" srcset=\"https:\/\/lajotek.com.br\/wp-content\/uploads\/2024\/09\/LOGO-COR-TRANSPARENTE.png.webp 805w, https:\/\/lajotek.com.br\/wp-content\/uploads\/2024\/09\/LOGO-COR-TRANSPARENTE.png-300x57.webp 300w, https:\/\/lajotek.com.br\/wp-content\/uploads\/2024\/09\/LOGO-COR-TRANSPARENTE.png-768x145.webp 768w\" sizes=\"auto, (max-width: 805px) 100vw, 805px\" \/><\/figure>\n\n\n\n<figure class=\"wp-block-image size-full is-resized\"><img loading=\"lazy\" decoding=\"async\" width=\"277\" height=\"64\" src=\"https:\/\/lajotek.com.br\/wp-content\/uploads\/2024\/09\/logo_isoeste.png\" alt=\"\" class=\"wp-image-514\" style=\"aspect-ratio:4\/3;object-fit:contain;width:150px\"\/><\/figure>\n<\/div>\n<\/div>\n<\/div>\n","protected":false},"excerpt":{"rendered":"<p>Para manter a qualidade dos produtos da lajotek. Utilizamos apenas materiais de qualidade como Cimento ARI CP-V e Agregados da Votoran, os A\u00e7os s\u00e3o fornecidos pela Gerdau e as treli\u00e7as pela Puma. Temos um rigoroso controle de qualidade com ensaios e verifica\u00e7\u00e3o dos produtos em laborat\u00f3rios. Tamb\u00e9m seguimos rigorosamente as Normas da ABNT. REGISTRO NO [&hellip;]<\/p>\n","protected":false},"author":1,"featured_media":0,"parent":0,"menu_order":0,"comment_status":"closed","ping_status":"closed","template":"","meta":{"footnotes":""},"class_list":["post-517","page","type-page","status-publish","hentry"],"yoast_head":"<!-- This site is optimized with the Yoast SEO plugin v23.9 - https:\/\/yoast.com\/wordpress\/plugins\/seo\/ -->\n<title>Qualidade dos produtos da lajotek - Lajes em Curitiba<\/title>\n<meta name=\"description\" content=\"Conhe\u00e7a a qualidade dos produtos da Lajotek: solu\u00e7\u00f5es confi\u00e1veis e inovadoras em lajes pr\u00e9-moldadas para uma constru\u00e7\u00e3o eficiente e dur\u00e1vel.\" \/>\n<meta name=\"robots\" content=\"index, follow, max-snippet:-1, max-image-preview:large, max-video-preview:-1\" \/>\n<link rel=\"canonical\" href=\"https:\/\/lajotek.com.br\/index.php\/qualidade-dos-produtos-da-lajotek\/\" \/>\n<meta property=\"og:locale\" content=\"pt_BR\" \/>\n<meta property=\"og:type\" content=\"article\" \/>\n<meta property=\"og:title\" content=\"Qualidade dos produtos da lajotek - Lajes em Curitiba\" \/>\n<meta property=\"og:description\" content=\"Conhe\u00e7a a qualidade dos produtos da Lajotek: solu\u00e7\u00f5es confi\u00e1veis e inovadoras em lajes pr\u00e9-moldadas para uma constru\u00e7\u00e3o eficiente e dur\u00e1vel.\" \/>\n<meta property=\"og:url\" content=\"https:\/\/lajotek.com.br\/index.php\/qualidade-dos-produtos-da-lajotek\/\" \/>\n<meta property=\"og:site_name\" content=\"Lajes Lajotek - Laje Treli\u00e7a, Convencional, Painel e Bidirecionai | Lajes em Curitiba\" \/>\n<meta property=\"article:publisher\" content=\"https:\/\/facebook.com.br\/lajotek\" \/>\n<meta property=\"article:modified_time\" content=\"2024-09-10T19:29:32+00:00\" \/>\n<meta property=\"og:image\" content=\"https:\/\/lajotek.com.br\/wp-content\/uploads\/2024\/09\/creapr.png\" \/>\n<meta name=\"twitter:card\" content=\"summary_large_image\" \/>\n<meta name=\"twitter:label1\" content=\"Est. tempo de leitura\" \/>\n\t<meta name=\"twitter:data1\" content=\"3 minutos\" \/>\n<script type=\"application\/ld+json\" class=\"yoast-schema-graph\">{\"@context\":\"https:\/\/schema.org\",\"@graph\":[{\"@type\":\"Article\",\"@id\":\"https:\/\/lajotek.com.br\/index.php\/qualidade-dos-produtos-da-lajotek\/#article\",\"isPartOf\":{\"@id\":\"https:\/\/lajotek.com.br\/index.php\/qualidade-dos-produtos-da-lajotek\/\"},\"author\":{\"name\":\"admin\",\"@id\":\"https:\/\/lajotek.com.br\/#\/schema\/person\/2e2bd7c99bacfa53409e5048f52a2379\"},\"headline\":\"Qualidade\",\"datePublished\":\"2024-09-09T22:31:59+00:00\",\"dateModified\":\"2024-09-10T19:29:32+00:00\",\"mainEntityOfPage\":{\"@id\":\"https:\/\/lajotek.com.br\/index.php\/qualidade-dos-produtos-da-lajotek\/\"},\"wordCount\":283,\"publisher\":{\"@id\":\"https:\/\/lajotek.com.br\/#organization\"},\"image\":{\"@id\":\"https:\/\/lajotek.com.br\/index.php\/qualidade-dos-produtos-da-lajotek\/#primaryimage\"},\"thumbnailUrl\":\"https:\/\/lajotek.com.br\/wp-content\/uploads\/2024\/09\/creapr.png\",\"inLanguage\":\"pt-BR\"},{\"@type\":\"WebPage\",\"@id\":\"https:\/\/lajotek.com.br\/index.php\/qualidade-dos-produtos-da-lajotek\/\",\"url\":\"https:\/\/lajotek.com.br\/index.php\/qualidade-dos-produtos-da-lajotek\/\",\"name\":\"Qualidade dos produtos da lajotek - Lajes em Curitiba\",\"isPartOf\":{\"@id\":\"https:\/\/lajotek.com.br\/#website\"},\"primaryImageOfPage\":{\"@id\":\"https:\/\/lajotek.com.br\/index.php\/qualidade-dos-produtos-da-lajotek\/#primaryimage\"},\"image\":{\"@id\":\"https:\/\/lajotek.com.br\/index.php\/qualidade-dos-produtos-da-lajotek\/#primaryimage\"},\"thumbnailUrl\":\"https:\/\/lajotek.com.br\/wp-content\/uploads\/2024\/09\/creapr.png\",\"datePublished\":\"2024-09-09T22:31:59+00:00\",\"dateModified\":\"2024-09-10T19:29:32+00:00\",\"description\":\"Conhe\u00e7a a qualidade dos produtos da Lajotek: solu\u00e7\u00f5es confi\u00e1veis e inovadoras em lajes pr\u00e9-moldadas para uma constru\u00e7\u00e3o eficiente e dur\u00e1vel.\",\"breadcrumb\":{\"@id\":\"https:\/\/lajotek.com.br\/index.php\/qualidade-dos-produtos-da-lajotek\/#breadcrumb\"},\"inLanguage\":\"pt-BR\",\"potentialAction\":[{\"@type\":\"ReadAction\",\"target\":[\"https:\/\/lajotek.com.br\/index.php\/qualidade-dos-produtos-da-lajotek\/\"]}]},{\"@type\":\"ImageObject\",\"inLanguage\":\"pt-BR\",\"@id\":\"https:\/\/lajotek.com.br\/index.php\/qualidade-dos-produtos-da-lajotek\/#primaryimage\",\"url\":\"https:\/\/lajotek.com.br\/wp-content\/uploads\/2024\/09\/creapr.png\",\"contentUrl\":\"https:\/\/lajotek.com.br\/wp-content\/uploads\/2024\/09\/creapr.png\",\"width\":325,\"height\":92,\"caption\":\"logo crea\"},{\"@type\":\"BreadcrumbList\",\"@id\":\"https:\/\/lajotek.com.br\/index.php\/qualidade-dos-produtos-da-lajotek\/#breadcrumb\",\"itemListElement\":[{\"@type\":\"ListItem\",\"position\":1,\"name\":\"In\u00edcio\",\"item\":\"https:\/\/lajotek.com.br\/\"},{\"@type\":\"ListItem\",\"position\":2,\"name\":\"Qualidade\"}]},{\"@type\":\"WebSite\",\"@id\":\"https:\/\/lajotek.com.br\/#website\",\"url\":\"https:\/\/lajotek.com.br\/\",\"name\":\"Lajotek Lajes Treli\u00e7as, Convencional, Painel e Bidirecionais | Lajes em Curitiba\",\"description\":\"Desde 1986, a Lajotek se destaca na fabrica\u00e7\u00e3o de lajes, vigas pr\u00e9-moldadas e blocos de EPS para constru\u00e7\u00f5es residenciais e comerciais em Curitiba e regi\u00e3o. Priorizamos qualidade e atendimento ao cliente. Confira nossa variedade de produtos!\",\"publisher\":{\"@id\":\"https:\/\/lajotek.com.br\/#organization\"},\"alternateName\":\"Lajotek - Lajes Curitiba\",\"potentialAction\":[{\"@type\":\"SearchAction\",\"target\":{\"@type\":\"EntryPoint\",\"urlTemplate\":\"https:\/\/lajotek.com.br\/?s={search_term_string}\"},\"query-input\":{\"@type\":\"PropertyValueSpecification\",\"valueRequired\":true,\"valueName\":\"search_term_string\"}}],\"inLanguage\":\"pt-BR\"},{\"@type\":\"Organization\",\"@id\":\"https:\/\/lajotek.com.br\/#organization\",\"name\":\"Lajotek Lajes Treli\u00e7as, Convencional, Painel e Bidirecionais | Lajes em Curitiba\",\"alternateName\":\"Lajotek - Lajes Curitiba\",\"url\":\"https:\/\/lajotek.com.br\/\",\"logo\":{\"@type\":\"ImageObject\",\"inLanguage\":\"pt-BR\",\"@id\":\"https:\/\/lajotek.com.br\/#\/schema\/logo\/image\/\",\"url\":\"https:\/\/lajotek.com.br\/wp-content\/uploads\/2024\/10\/logo-png.webp\",\"contentUrl\":\"https:\/\/lajotek.com.br\/wp-content\/uploads\/2024\/10\/logo-png.webp\",\"width\":976,\"height\":1002,\"caption\":\"Lajotek Lajes Treli\u00e7as, Convencional, Painel e Bidirecionais | Lajes em Curitiba\"},\"image\":{\"@id\":\"https:\/\/lajotek.com.br\/#\/schema\/logo\/image\/\"},\"sameAs\":[\"https:\/\/facebook.com.br\/lajotek\",\"https:\/\/www.instagram.com\/lajeslajotek\"]},{\"@type\":\"Person\",\"@id\":\"https:\/\/lajotek.com.br\/#\/schema\/person\/2e2bd7c99bacfa53409e5048f52a2379\",\"name\":\"admin\",\"image\":{\"@type\":\"ImageObject\",\"inLanguage\":\"pt-BR\",\"@id\":\"https:\/\/lajotek.com.br\/#\/schema\/person\/image\/\",\"url\":\"https:\/\/secure.gravatar.com\/avatar\/bd352758437e588117f259dc9f224d71?s=96&d=mm&r=g\",\"contentUrl\":\"https:\/\/secure.gravatar.com\/avatar\/bd352758437e588117f259dc9f224d71?s=96&d=mm&r=g\",\"caption\":\"admin\"},\"sameAs\":[\"https:\/\/lajotek.com.br\/\",\"https:\/\/www.facebook.com.br\/lajotek\",\"https:\/\/www.instagram.com\/lajeslajotek\"],\"url\":\"https:\/\/lajotek.com.br\/index.php\/author\/admin_yaln7zvz\/\"}]}<\/script>\n<!-- \/ Yoast SEO plugin. -->","yoast_head_json":{"title":"Qualidade dos produtos da lajotek - Lajes em Curitiba","description":"Conhe\u00e7a a qualidade dos produtos da Lajotek: solu\u00e7\u00f5es confi\u00e1veis e inovadoras em lajes pr\u00e9-moldadas para uma constru\u00e7\u00e3o eficiente e dur\u00e1vel.","robots":{"index":"index","follow":"follow","max-snippet":"max-snippet:-1","max-image-preview":"max-image-preview:large","max-video-preview":"max-video-preview:-1"},"canonical":"https:\/\/lajotek.com.br\/index.php\/qualidade-dos-produtos-da-lajotek\/","og_locale":"pt_BR","og_type":"article","og_title":"Qualidade dos produtos da lajotek - Lajes em Curitiba","og_description":"Conhe\u00e7a a qualidade dos produtos da Lajotek: solu\u00e7\u00f5es confi\u00e1veis e inovadoras em lajes pr\u00e9-moldadas para uma constru\u00e7\u00e3o eficiente e dur\u00e1vel.","og_url":"https:\/\/lajotek.com.br\/index.php\/qualidade-dos-produtos-da-lajotek\/","og_site_name":"Lajes Lajotek - Laje Treli\u00e7a, Convencional, Painel e Bidirecionai | Lajes em Curitiba","article_publisher":"https:\/\/facebook.com.br\/lajotek","article_modified_time":"2024-09-10T19:29:32+00:00","og_image":[{"url":"https:\/\/lajotek.com.br\/wp-content\/uploads\/2024\/09\/creapr.png"}],"twitter_card":"summary_large_image","twitter_misc":{"Est. tempo de leitura":"3 minutos"},"schema":{"@context":"https:\/\/schema.org","@graph":[{"@type":"Article","@id":"https:\/\/lajotek.com.br\/index.php\/qualidade-dos-produtos-da-lajotek\/#article","isPartOf":{"@id":"https:\/\/lajotek.com.br\/index.php\/qualidade-dos-produtos-da-lajotek\/"},"author":{"name":"admin","@id":"https:\/\/lajotek.com.br\/#\/schema\/person\/2e2bd7c99bacfa53409e5048f52a2379"},"headline":"Qualidade","datePublished":"2024-09-09T22:31:59+00:00","dateModified":"2024-09-10T19:29:32+00:00","mainEntityOfPage":{"@id":"https:\/\/lajotek.com.br\/index.php\/qualidade-dos-produtos-da-lajotek\/"},"wordCount":283,"publisher":{"@id":"https:\/\/lajotek.com.br\/#organization"},"image":{"@id":"https:\/\/lajotek.com.br\/index.php\/qualidade-dos-produtos-da-lajotek\/#primaryimage"},"thumbnailUrl":"https:\/\/lajotek.com.br\/wp-content\/uploads\/2024\/09\/creapr.png","inLanguage":"pt-BR"},{"@type":"WebPage","@id":"https:\/\/lajotek.com.br\/index.php\/qualidade-dos-produtos-da-lajotek\/","url":"https:\/\/lajotek.com.br\/index.php\/qualidade-dos-produtos-da-lajotek\/","name":"Qualidade dos produtos da lajotek - Lajes em Curitiba","isPartOf":{"@id":"https:\/\/lajotek.com.br\/#website"},"primaryImageOfPage":{"@id":"https:\/\/lajotek.com.br\/index.php\/qualidade-dos-produtos-da-lajotek\/#primaryimage"},"image":{"@id":"https:\/\/lajotek.com.br\/index.php\/qualidade-dos-produtos-da-lajotek\/#primaryimage"},"thumbnailUrl":"https:\/\/lajotek.com.br\/wp-content\/uploads\/2024\/09\/creapr.png","datePublished":"2024-09-09T22:31:59+00:00","dateModified":"2024-09-10T19:29:32+00:00","description":"Conhe\u00e7a a qualidade dos produtos da Lajotek: solu\u00e7\u00f5es confi\u00e1veis e inovadoras em lajes pr\u00e9-moldadas para uma constru\u00e7\u00e3o eficiente e dur\u00e1vel.","breadcrumb":{"@id":"https:\/\/lajotek.com.br\/index.php\/qualidade-dos-produtos-da-lajotek\/#breadcrumb"},"inLanguage":"pt-BR","potentialAction":[{"@type":"ReadAction","target":["https:\/\/lajotek.com.br\/index.php\/qualidade-dos-produtos-da-lajotek\/"]}]},{"@type":"ImageObject","inLanguage":"pt-BR","@id":"https:\/\/lajotek.com.br\/index.php\/qualidade-dos-produtos-da-lajotek\/#primaryimage","url":"https:\/\/lajotek.com.br\/wp-content\/uploads\/2024\/09\/creapr.png","contentUrl":"https:\/\/lajotek.com.br\/wp-content\/uploads\/2024\/09\/creapr.png","width":325,"height":92,"caption":"logo crea"},{"@type":"BreadcrumbList","@id":"https:\/\/lajotek.com.br\/index.php\/qualidade-dos-produtos-da-lajotek\/#breadcrumb","itemListElement":[{"@type":"ListItem","position":1,"name":"In\u00edcio","item":"https:\/\/lajotek.com.br\/"},{"@type":"ListItem","position":2,"name":"Qualidade"}]},{"@type":"WebSite","@id":"https:\/\/lajotek.com.br\/#website","url":"https:\/\/lajotek.com.br\/","name":"Lajotek Lajes Treli\u00e7as, Convencional, Painel e Bidirecionais | Lajes em Curitiba","description":"Desde 1986, a Lajotek se destaca na fabrica\u00e7\u00e3o de lajes, vigas pr\u00e9-moldadas e blocos de EPS para constru\u00e7\u00f5es residenciais e comerciais em Curitiba e regi\u00e3o. Priorizamos qualidade e atendimento ao cliente. Confira nossa variedade de produtos!","publisher":{"@id":"https:\/\/lajotek.com.br\/#organization"},"alternateName":"Lajotek - Lajes Curitiba","potentialAction":[{"@type":"SearchAction","target":{"@type":"EntryPoint","urlTemplate":"https:\/\/lajotek.com.br\/?s={search_term_string}"},"query-input":{"@type":"PropertyValueSpecification","valueRequired":true,"valueName":"search_term_string"}}],"inLanguage":"pt-BR"},{"@type":"Organization","@id":"https:\/\/lajotek.com.br\/#organization","name":"Lajotek Lajes Treli\u00e7as, Convencional, Painel e Bidirecionais | Lajes em Curitiba","alternateName":"Lajotek - Lajes Curitiba","url":"https:\/\/lajotek.com.br\/","logo":{"@type":"ImageObject","inLanguage":"pt-BR","@id":"https:\/\/lajotek.com.br\/#\/schema\/logo\/image\/","url":"https:\/\/lajotek.com.br\/wp-content\/uploads\/2024\/10\/logo-png.webp","contentUrl":"https:\/\/lajotek.com.br\/wp-content\/uploads\/2024\/10\/logo-png.webp","width":976,"height":1002,"caption":"Lajotek Lajes Treli\u00e7as, Convencional, Painel e Bidirecionais | Lajes em Curitiba"},"image":{"@id":"https:\/\/lajotek.com.br\/#\/schema\/logo\/image\/"},"sameAs":["https:\/\/facebook.com.br\/lajotek","https:\/\/www.instagram.com\/lajeslajotek"]},{"@type":"Person","@id":"https:\/\/lajotek.com.br\/#\/schema\/person\/2e2bd7c99bacfa53409e5048f52a2379","name":"admin","image":{"@type":"ImageObject","inLanguage":"pt-BR","@id":"https:\/\/lajotek.com.br\/#\/schema\/person\/image\/","url":"https:\/\/secure.gravatar.com\/avatar\/bd352758437e588117f259dc9f224d71?s=96&d=mm&r=g","contentUrl":"https:\/\/secure.gravatar.com\/avatar\/bd352758437e588117f259dc9f224d71?s=96&d=mm&r=g","caption":"admin"},"sameAs":["https:\/\/lajotek.com.br\/","https:\/\/www.facebook.com.br\/lajotek","https:\/\/www.instagram.com\/lajeslajotek"],"url":"https:\/\/lajotek.com.br\/index.php\/author\/admin_yaln7zvz\/"}]}},"_links":{"self":[{"href":"https:\/\/lajotek.com.br\/index.php\/wp-json\/wp\/v2\/pages\/517","targetHints":{"allow":["GET"]}}],"collection":[{"href":"https:\/\/lajotek.com.br\/index.php\/wp-json\/wp\/v2\/pages"}],"about":[{"href":"https:\/\/lajotek.com.br\/index.php\/wp-json\/wp\/v2\/types\/page"}],"author":[{"embeddable":true,"href":"https:\/\/lajotek.com.br\/index.php\/wp-json\/wp\/v2\/users\/1"}],"replies":[{"embeddable":true,"href":"https:\/\/lajotek.com.br\/index.php\/wp-json\/wp\/v2\/comments?post=517"}],"version-history":[{"count":0,"href":"https:\/\/lajotek.com.br\/index.php\/wp-json\/wp\/v2\/pages\/517\/revisions"}],"wp:attachment":[{"href":"https:\/\/lajotek.com.br\/index.php\/wp-json\/wp\/v2\/media?parent=517"}],"curies":[{"name":"wp","href":"https:\/\/api.w.org\/{rel}","templated":true}]}}