{"id":447,"date":"2024-09-09T23:31:17","date_gmt":"2024-09-09T20:31:17","guid":{"rendered":"https:\/\/lajotek.com.br\/novo\/?page_id=447"},"modified":"2024-10-23T16:51:39","modified_gmt":"2024-10-23T13:51:39","slug":"entre-em-contato-com-a-lajotek","status":"publish","type":"page","link":"https:\/\/lajotek.com.br\/index.php\/entre-em-contato-com-a-lajotek\/","title":{"rendered":"Contato"},"content":{"rendered":"\n<h2 class=\"wp-block-heading\">Entre em contato com a Lajotek<\/h2>\n\n\n\n<div class=\"wp-block-group alignwide is-nowrap is-layout-flex wp-container-core-group-is-layout-1 wp-block-group-is-layout-flex\">\n<p>Entre em contato com a Lajotek para esclarecer d\u00favidas, solicitar or\u00e7amentos ou discutir seu projeto. Estamos prontos para ajudar com solu\u00e7\u00f5es personalizadas e eficientes!<\/p>\n\n\n\n<figure class=\"wp-block-image size-full is-resized\"><img loading=\"lazy\" decoding=\"async\" width=\"424\" height=\"283\" src=\"https:\/\/lajotek.com.br\/wp-content\/uploads\/2024\/10\/escritorio_interno-jpg.webp\" alt=\"\" class=\"wp-image-775\" style=\"width:351px;height:auto\" srcset=\"https:\/\/lajotek.com.br\/wp-content\/uploads\/2024\/10\/escritorio_interno-jpg.webp 424w, https:\/\/lajotek.com.br\/wp-content\/uploads\/2024\/10\/escritorio_interno-300x200.webp 300w\" sizes=\"auto, (max-width: 424px) 100vw, 424px\" \/><\/figure>\n<\/div>\n\n\n\n<div style=\"height:34px\" aria-hidden=\"true\" class=\"wp-block-spacer\"><\/div>\n\n\n\n<div class=\"wp-block-columns alignwide is-layout-flex wp-container-core-columns-is-layout-1 wp-block-columns-is-layout-flex\" style=\"margin-top:0;margin-bottom:0\">\n<div class=\"wp-block-column has-base-2-background-color has-background is-layout-flow wp-block-column-is-layout-flow\" style=\"padding-right:var(--wp--preset--spacing--10);padding-left:var(--wp--preset--spacing--10)\">\n<div class=\"wp-block-group is-layout-grid wp-container-core-group-is-layout-4 wp-block-group-is-layout-grid\">\n<div class=\"wp-block-group has-global-padding is-content-justification-left is-layout-constrained wp-container-core-group-is-layout-2 wp-block-group-is-layout-constrained\">\n<h2 class=\"wp-block-heading is-style-default has-large-font-size\" style=\"padding-top:var(--wp--preset--spacing--10);padding-right:var(--wp--preset--spacing--10);padding-bottom:0;padding-left:var(--wp--preset--spacing--10)\"><i class=\"fa-solid fa-location-dot\"><\/i><\/h2>\n\n\n\n<p class=\"has-small-font-size\">Rua Izidoro Goinski, 227&nbsp;&#8211;&nbsp;83514-544<br>Almirante Tamandar\u00e9&nbsp;&#8211;&nbsp;PR<\/p>\n<\/div>\n\n\n\n<div class=\"wp-block-group has-global-padding is-content-justification-left is-layout-constrained wp-container-core-group-is-layout-3 wp-block-group-is-layout-constrained\">\n<h2 class=\"wp-block-heading has-large-font-size\" style=\"padding-top:var(--wp--preset--spacing--10);padding-right:var(--wp--preset--spacing--10);padding-bottom:0;padding-left:var(--wp--preset--spacing--10)\"><i class=\"fa-solid fa-phone\"><\/i><\/h2>\n\n\n\n<p class=\"has-small-font-size\"><i class=\"fa-solid fa-phone\"><\/i> <a href=\"tel:4136572125\">41 3657-2125<\/a><br><i class=\"fab fa-whatsapp\"><\/i> <a href=\"https:\/\/wa.me\/554192064396\">41 9206-4396<\/a><\/p>\n<\/div>\n<\/div>\n\n\n\n<div class=\"wp-block-group is-layout-grid wp-container-core-group-is-layout-7 wp-block-group-is-layout-grid\">\n<div class=\"wp-block-group has-global-padding is-content-justification-left is-layout-constrained wp-container-core-group-is-layout-5 wp-block-group-is-layout-constrained\">\n<h2 class=\"wp-block-heading is-style-default has-large-font-size\" style=\"padding-top:var(--wp--preset--spacing--10);padding-right:var(--wp--preset--spacing--10);padding-bottom:0;padding-left:var(--wp--preset--spacing--10)\"><i class=\"fas fa-envelope\"><\/i><\/h2>\n\n\n\n<p class=\"has-small-font-size\"><a href=\"mailto:lajotek@lajotek.com.br\" target=\"_blank\" rel=\"noreferrer noopener\">lajotek@lajotek.com.br<\/a><\/p>\n<\/div>\n\n\n\n<div class=\"wp-block-group has-global-padding is-content-justification-left is-layout-constrained wp-container-core-group-is-layout-6 wp-block-group-is-layout-constrained\">\n<h2 class=\"wp-block-heading has-large-font-size\" style=\"padding-top:var(--wp--preset--spacing--10);padding-right:var(--wp--preset--spacing--10);padding-bottom:0;padding-left:var(--wp--preset--spacing--10)\"><i class=\"fas fa-share-nodes\"><\/i><\/h2>\n\n\n\n<p class=\"has-small-font-size\"><i class=\"fas fa-facebook\"><\/i> <a href=\"https:\/\/pt-br.facebook.com\/Lajotek\/\" data-type=\"link\" data-id=\"https:\/\/pt-br.facebook.com\/Lajotek\/\" target=\"_blank\" rel=\"noreferrer noopener\">@lajotek<\/a><br><i class=\"fab fa-instagram\"><\/i> <a href=\"https:\/\/www.instagram.com\/lajeslajotek\" target=\"_blank\" rel=\"noreferrer noopener\">@lajeslajotek<\/a><\/p>\n<\/div>\n<\/div>\n\n\n\n<style>\n.google-maps {\n        position: relative;\n        padding-bottom: 75%; \/\/ This is the aspect ratio\n        height: 0;\n        overflow: hidden;\n    }\n.google-maps iframe {\n        position: absolute;\n        top: 0;\n        left: 0;\n        width: 100% !important;\n        height: 100% !important;\n    }\n<\/style>\n\n<div class=\"google-maps\">\n\n<iframe src=\"https:\/\/www.google.com\/maps\/embed?pb=!1m18!1m12!1m3!1d3607.0862910643245!2d-49.30921012373015!3d-25.301304727813804!2m3!1f0!2f0!3f0!3m2!1i1024!2i768!4f13.1!3m3!1m2!1s0x94dcdeecc9812b9d%3A0xe40f4dabfbe44c41!2sLajes%20Lajotek!5e0!3m2!1spt-BR!2sbr!4v1725916245521!5m2!1spt-BR!2sbr\" width=\"600\" height=\"450\" style=\"border:0;\" allowfullscreen=\"\" loading=\"lazy\" referrerpolicy=\"no-referrer-when-downgrade\"><\/iframe>\n\n<\/div>\n<\/div>\n\n\n\n<div class=\"wp-block-column is-layout-flow wp-block-column-is-layout-flow\" style=\"padding-top:var(--wp--preset--spacing--10);padding-right:var(--wp--preset--spacing--10);padding-bottom:var(--wp--preset--spacing--10);padding-left:var(--wp--preset--spacing--10)\"><style id=\"wpforms-css-vars-root\">\n\t\t\t\t:root {\n\t\t\t\t\t--wpforms-field-border-radius: 3px;\n--wpforms-field-border-style: solid;\n--wpforms-field-border-size: 1px;\n--wpforms-field-background-color: #ffffff;\n--wpforms-field-border-color: rgba( 0, 0, 0, 0.25 );\n--wpforms-field-border-color-spare: rgba( 0, 0, 0, 0.25 );\n--wpforms-field-text-color: rgba( 0, 0, 0, 0.7 );\n--wpforms-field-menu-color: #ffffff;\n--wpforms-label-color: rgba( 0, 0, 0, 0.85 );\n--wpforms-label-sublabel-color: rgba( 0, 0, 0, 0.55 );\n--wpforms-label-error-color: #d63637;\n--wpforms-button-border-radius: 3px;\n--wpforms-button-border-style: none;\n--wpforms-button-border-size: 1px;\n--wpforms-button-background-color: #066aab;\n--wpforms-button-border-color: #066aab;\n--wpforms-button-text-color: #ffffff;\n--wpforms-page-break-color: #066aab;\n--wpforms-background-image: none;\n--wpforms-background-position: center center;\n--wpforms-background-repeat: no-repeat;\n--wpforms-background-size: cover;\n--wpforms-background-width: 100px;\n--wpforms-background-height: 100px;\n--wpforms-background-color: rgba( 0, 0, 0, 0 );\n--wpforms-background-url: none;\n--wpforms-container-padding: 0px;\n--wpforms-container-border-style: none;\n--wpforms-container-border-width: 1px;\n--wpforms-container-border-color: #000000;\n--wpforms-container-border-radius: 3px;\n--wpforms-field-size-input-height: 43px;\n--wpforms-field-size-input-spacing: 15px;\n--wpforms-field-size-font-size: 16px;\n--wpforms-field-size-line-height: 19px;\n--wpforms-field-size-padding-h: 14px;\n--wpforms-field-size-checkbox-size: 16px;\n--wpforms-field-size-sublabel-spacing: 5px;\n--wpforms-field-size-icon-size: 1;\n--wpforms-label-size-font-size: 16px;\n--wpforms-label-size-line-height: 19px;\n--wpforms-label-size-sublabel-font-size: 14px;\n--wpforms-label-size-sublabel-line-height: 17px;\n--wpforms-button-size-font-size: 17px;\n--wpforms-button-size-height: 41px;\n--wpforms-button-size-padding-h: 15px;\n--wpforms-button-size-margin-top: 10px;\n--wpforms-container-shadow-size-box-shadow: none;\n\n\t\t\t\t}\n\t\t\t<\/style><div class=\"wpforms-container wpforms-container-full wpforms-block wpforms-block-2c5f915f-e477-4ea8-9f53-ad193148b817 wpforms-render-modern\" id=\"wpforms-557\"><form id=\"wpforms-form-557\" class=\"wpforms-validate wpforms-form wpforms-ajax-form\" data-formid=\"557\" method=\"post\" enctype=\"multipart\/form-data\" action=\"\/index.php\/wp-json\/wp\/v2\/pages\/447\" data-token=\"316664a69a5bf7de6df277047376bb4c\" data-token-time=\"1777487934\"><noscript class=\"wpforms-error-noscript\">Ative o JavaScript no seu navegador para preencher este formul\u00e1rio.<\/noscript><div class=\"wpforms-hidden\" id=\"wpforms-error-noscript\">Ative o JavaScript no seu navegador para preencher este formul\u00e1rio.<\/div><div class=\"wpforms-field-container\"><div id=\"wpforms-557-field_1-container\" class=\"wpforms-field wpforms-field-name\" data-field-id=\"1\"><label class=\"wpforms-field-label\" for=\"wpforms-557-field_1\">Nome <span class=\"wpforms-required-label\" aria-hidden=\"true\">*<\/span><\/label><input type=\"text\" id=\"wpforms-557-field_1\" class=\"wpforms-field-medium wpforms-field-required\" name=\"wpforms[fields][1]\" aria-errormessage=\"wpforms-557-field_1-error\" required><\/div><div id=\"wpforms-557-field_2-container\" class=\"wpforms-field wpforms-field-email\" data-field-id=\"2\"><label class=\"wpforms-field-label\" for=\"wpforms-557-field_2\">E-mail <span class=\"wpforms-required-label\" aria-hidden=\"true\">*<\/span><\/label><input type=\"email\" id=\"wpforms-557-field_2\" class=\"wpforms-field-medium wpforms-field-required\" name=\"wpforms[fields][2]\" spellcheck=\"false\" aria-errormessage=\"wpforms-557-field_2-error\" required><\/div><div id=\"wpforms-557-field_3-container\" class=\"wpforms-field wpforms-field-textarea\" data-field-id=\"3\"><label class=\"wpforms-field-label\" for=\"wpforms-557-field_3\">Coment\u00e1rio ou Mensagem<\/label><textarea id=\"wpforms-557-field_3\" class=\"wpforms-field-medium\" name=\"wpforms[fields][3]\" aria-errormessage=\"wpforms-557-field_3-error\" ><\/textarea><\/div><\/div><!-- .wpforms-field-container --><div class=\"wpforms-submit-container\" ><input type=\"hidden\" name=\"wpforms[id]\" value=\"557\"><input type=\"hidden\" name=\"page_title\" value=\"\"><input type=\"hidden\" name=\"page_url\" value=\"https:\/\/lajotek.com.br\/index.php\/wp-json\/wp\/v2\/pages\/447\"><button type=\"submit\" name=\"wpforms[submit]\" id=\"wpforms-submit-557\" class=\"wpforms-submit\" data-alt-text=\"Enviando\u2026\" data-submit-text=\"Enviar\" aria-live=\"assertive\" value=\"wpforms-submit\">Enviar<\/button><img loading=\"lazy\" decoding=\"async\" src=\"https:\/\/lajotek.com.br\/wp-content\/plugins\/wpforms-lite\/assets\/images\/submit-spin.svg\" class=\"wpforms-submit-spinner\" style=\"display: none;\" width=\"26\" height=\"26\" alt=\"Carregando\"><\/div><\/form><\/div>  <!-- .wpforms-container --><\/div>\n<\/div>\n","protected":false},"excerpt":{"rendered":"<p>Entre em contato com a Lajotek Entre em contato com a Lajotek para esclarecer d\u00favidas, solicitar or\u00e7amentos ou discutir seu projeto. Estamos prontos para ajudar com solu\u00e7\u00f5es personalizadas e eficientes! Rua Izidoro Goinski, 227&nbsp;&#8211;&nbsp;83514-544Almirante Tamandar\u00e9&nbsp;&#8211;&nbsp;PR 41 3657-2125 41 9206-4396 lajotek@lajotek.com.br @lajotek @lajeslajotek<\/p>\n","protected":false},"author":1,"featured_media":0,"parent":0,"menu_order":0,"comment_status":"closed","ping_status":"closed","template":"","meta":{"footnotes":""},"class_list":["post-447","page","type-page","status-publish","hentry"],"yoast_head":"<!-- This site is optimized with the Yoast SEO plugin v23.9 - https:\/\/yoast.com\/wordpress\/plugins\/seo\/ -->\n<title>Entre em Contato com a Lajotek<\/title>\n<meta name=\"description\" content=\"Entre em contato com a Lajotek para esclarecer d\u00favidas, solicitar or\u00e7amentos ou discutir seu projeto. Estamos prontos para lhe ajudar!\" \/>\n<meta name=\"robots\" content=\"index, follow, max-snippet:-1, max-image-preview:large, max-video-preview:-1\" \/>\n<link rel=\"canonical\" href=\"https:\/\/lajotek.com.br\/index.php\/entre-em-contato-com-a-lajotek\/\" \/>\n<meta property=\"og:locale\" content=\"pt_BR\" \/>\n<meta property=\"og:type\" content=\"article\" \/>\n<meta property=\"og:title\" content=\"Entre em Contato com a Lajotek\" \/>\n<meta property=\"og:description\" content=\"Entre em contato com a Lajotek para esclarecer d\u00favidas, solicitar or\u00e7amentos ou discutir seu projeto. Estamos prontos para lhe ajudar!\" \/>\n<meta property=\"og:url\" content=\"https:\/\/lajotek.com.br\/index.php\/entre-em-contato-com-a-lajotek\/\" \/>\n<meta property=\"og:site_name\" content=\"Lajes Lajotek - Laje Treli\u00e7a, Convencional, Painel e Bidirecionai | Lajes em Curitiba\" \/>\n<meta property=\"article:publisher\" content=\"https:\/\/facebook.com.br\/lajotek\" \/>\n<meta property=\"article:modified_time\" content=\"2024-10-23T13:51:39+00:00\" \/>\n<meta property=\"og:image\" content=\"https:\/\/lajotek.com.br\/wp-content\/uploads\/2024\/10\/escritorio_interno-jpg.webp\" \/>\n<meta name=\"twitter:card\" content=\"summary_large_image\" \/>\n<meta name=\"twitter:label1\" content=\"Est. tempo de leitura\" \/>\n\t<meta name=\"twitter:data1\" content=\"1 minuto\" \/>\n<script type=\"application\/ld+json\" class=\"yoast-schema-graph\">{\"@context\":\"https:\/\/schema.org\",\"@graph\":[{\"@type\":[\"WebPage\",\"ContactPage\"],\"@id\":\"https:\/\/lajotek.com.br\/index.php\/entre-em-contato-com-a-lajotek\/\",\"url\":\"https:\/\/lajotek.com.br\/index.php\/entre-em-contato-com-a-lajotek\/\",\"name\":\"Entre em Contato com a Lajotek\",\"isPartOf\":{\"@id\":\"https:\/\/lajotek.com.br\/#website\"},\"primaryImageOfPage\":{\"@id\":\"https:\/\/lajotek.com.br\/index.php\/entre-em-contato-com-a-lajotek\/#primaryimage\"},\"image\":{\"@id\":\"https:\/\/lajotek.com.br\/index.php\/entre-em-contato-com-a-lajotek\/#primaryimage\"},\"thumbnailUrl\":\"https:\/\/lajotek.com.br\/wp-content\/uploads\/2024\/10\/escritorio_interno-jpg.webp\",\"datePublished\":\"2024-09-09T20:31:17+00:00\",\"dateModified\":\"2024-10-23T13:51:39+00:00\",\"description\":\"Entre em contato com a Lajotek para esclarecer d\u00favidas, solicitar or\u00e7amentos ou discutir seu projeto. Estamos prontos para lhe ajudar!\",\"breadcrumb\":{\"@id\":\"https:\/\/lajotek.com.br\/index.php\/entre-em-contato-com-a-lajotek\/#breadcrumb\"},\"inLanguage\":\"pt-BR\",\"potentialAction\":[{\"@type\":\"ReadAction\",\"target\":[\"https:\/\/lajotek.com.br\/index.php\/entre-em-contato-com-a-lajotek\/\"]}]},{\"@type\":\"ImageObject\",\"inLanguage\":\"pt-BR\",\"@id\":\"https:\/\/lajotek.com.br\/index.php\/entre-em-contato-com-a-lajotek\/#primaryimage\",\"url\":\"https:\/\/lajotek.com.br\/wp-content\/uploads\/2024\/10\/escritorio_interno-jpg.webp\",\"contentUrl\":\"https:\/\/lajotek.com.br\/wp-content\/uploads\/2024\/10\/escritorio_interno-jpg.webp\",\"width\":424,\"height\":283},{\"@type\":\"BreadcrumbList\",\"@id\":\"https:\/\/lajotek.com.br\/index.php\/entre-em-contato-com-a-lajotek\/#breadcrumb\",\"itemListElement\":[{\"@type\":\"ListItem\",\"position\":1,\"name\":\"In\u00edcio\",\"item\":\"https:\/\/lajotek.com.br\/\"},{\"@type\":\"ListItem\",\"position\":2,\"name\":\"Contato\"}]},{\"@type\":\"WebSite\",\"@id\":\"https:\/\/lajotek.com.br\/#website\",\"url\":\"https:\/\/lajotek.com.br\/\",\"name\":\"Lajotek Lajes Treli\u00e7as, Convencional, Painel e Bidirecionais | Lajes em Curitiba\",\"description\":\"Desde 1986, a Lajotek se destaca na fabrica\u00e7\u00e3o de lajes, vigas pr\u00e9-moldadas e blocos de EPS para constru\u00e7\u00f5es residenciais e comerciais em Curitiba e regi\u00e3o. Priorizamos qualidade e atendimento ao cliente. Confira nossa variedade de produtos!\",\"publisher\":{\"@id\":\"https:\/\/lajotek.com.br\/#organization\"},\"alternateName\":\"Lajotek - Lajes Curitiba\",\"potentialAction\":[{\"@type\":\"SearchAction\",\"target\":{\"@type\":\"EntryPoint\",\"urlTemplate\":\"https:\/\/lajotek.com.br\/?s={search_term_string}\"},\"query-input\":{\"@type\":\"PropertyValueSpecification\",\"valueRequired\":true,\"valueName\":\"search_term_string\"}}],\"inLanguage\":\"pt-BR\"},{\"@type\":\"Organization\",\"@id\":\"https:\/\/lajotek.com.br\/#organization\",\"name\":\"Lajotek Lajes Treli\u00e7as, Convencional, Painel e Bidirecionais | Lajes em Curitiba\",\"alternateName\":\"Lajotek - Lajes Curitiba\",\"url\":\"https:\/\/lajotek.com.br\/\",\"logo\":{\"@type\":\"ImageObject\",\"inLanguage\":\"pt-BR\",\"@id\":\"https:\/\/lajotek.com.br\/#\/schema\/logo\/image\/\",\"url\":\"https:\/\/lajotek.com.br\/wp-content\/uploads\/2024\/10\/logo-png.webp\",\"contentUrl\":\"https:\/\/lajotek.com.br\/wp-content\/uploads\/2024\/10\/logo-png.webp\",\"width\":976,\"height\":1002,\"caption\":\"Lajotek Lajes Treli\u00e7as, Convencional, Painel e Bidirecionais | Lajes em Curitiba\"},\"image\":{\"@id\":\"https:\/\/lajotek.com.br\/#\/schema\/logo\/image\/\"},\"sameAs\":[\"https:\/\/facebook.com.br\/lajotek\",\"https:\/\/www.instagram.com\/lajeslajotek\"]}]}<\/script>\n<!-- \/ Yoast SEO plugin. -->","yoast_head_json":{"title":"Entre em Contato com a Lajotek","description":"Entre em contato com a Lajotek para esclarecer d\u00favidas, solicitar or\u00e7amentos ou discutir seu projeto. Estamos prontos para lhe ajudar!","robots":{"index":"index","follow":"follow","max-snippet":"max-snippet:-1","max-image-preview":"max-image-preview:large","max-video-preview":"max-video-preview:-1"},"canonical":"https:\/\/lajotek.com.br\/index.php\/entre-em-contato-com-a-lajotek\/","og_locale":"pt_BR","og_type":"article","og_title":"Entre em Contato com a Lajotek","og_description":"Entre em contato com a Lajotek para esclarecer d\u00favidas, solicitar or\u00e7amentos ou discutir seu projeto. Estamos prontos para lhe ajudar!","og_url":"https:\/\/lajotek.com.br\/index.php\/entre-em-contato-com-a-lajotek\/","og_site_name":"Lajes Lajotek - Laje Treli\u00e7a, Convencional, Painel e Bidirecionai | Lajes em Curitiba","article_publisher":"https:\/\/facebook.com.br\/lajotek","article_modified_time":"2024-10-23T13:51:39+00:00","og_image":[{"url":"https:\/\/lajotek.com.br\/wp-content\/uploads\/2024\/10\/escritorio_interno-jpg.webp"}],"twitter_card":"summary_large_image","twitter_misc":{"Est. tempo de leitura":"1 minuto"},"schema":{"@context":"https:\/\/schema.org","@graph":[{"@type":["WebPage","ContactPage"],"@id":"https:\/\/lajotek.com.br\/index.php\/entre-em-contato-com-a-lajotek\/","url":"https:\/\/lajotek.com.br\/index.php\/entre-em-contato-com-a-lajotek\/","name":"Entre em Contato com a Lajotek","isPartOf":{"@id":"https:\/\/lajotek.com.br\/#website"},"primaryImageOfPage":{"@id":"https:\/\/lajotek.com.br\/index.php\/entre-em-contato-com-a-lajotek\/#primaryimage"},"image":{"@id":"https:\/\/lajotek.com.br\/index.php\/entre-em-contato-com-a-lajotek\/#primaryimage"},"thumbnailUrl":"https:\/\/lajotek.com.br\/wp-content\/uploads\/2024\/10\/escritorio_interno-jpg.webp","datePublished":"2024-09-09T20:31:17+00:00","dateModified":"2024-10-23T13:51:39+00:00","description":"Entre em contato com a Lajotek para esclarecer d\u00favidas, solicitar or\u00e7amentos ou discutir seu projeto. Estamos prontos para lhe ajudar!","breadcrumb":{"@id":"https:\/\/lajotek.com.br\/index.php\/entre-em-contato-com-a-lajotek\/#breadcrumb"},"inLanguage":"pt-BR","potentialAction":[{"@type":"ReadAction","target":["https:\/\/lajotek.com.br\/index.php\/entre-em-contato-com-a-lajotek\/"]}]},{"@type":"ImageObject","inLanguage":"pt-BR","@id":"https:\/\/lajotek.com.br\/index.php\/entre-em-contato-com-a-lajotek\/#primaryimage","url":"https:\/\/lajotek.com.br\/wp-content\/uploads\/2024\/10\/escritorio_interno-jpg.webp","contentUrl":"https:\/\/lajotek.com.br\/wp-content\/uploads\/2024\/10\/escritorio_interno-jpg.webp","width":424,"height":283},{"@type":"BreadcrumbList","@id":"https:\/\/lajotek.com.br\/index.php\/entre-em-contato-com-a-lajotek\/#breadcrumb","itemListElement":[{"@type":"ListItem","position":1,"name":"In\u00edcio","item":"https:\/\/lajotek.com.br\/"},{"@type":"ListItem","position":2,"name":"Contato"}]},{"@type":"WebSite","@id":"https:\/\/lajotek.com.br\/#website","url":"https:\/\/lajotek.com.br\/","name":"Lajotek Lajes Treli\u00e7as, Convencional, Painel e Bidirecionais | Lajes em Curitiba","description":"Desde 1986, a Lajotek se destaca na fabrica\u00e7\u00e3o de lajes, vigas pr\u00e9-moldadas e blocos de EPS para constru\u00e7\u00f5es residenciais e comerciais em Curitiba e regi\u00e3o. Priorizamos qualidade e atendimento ao cliente. Confira nossa variedade de produtos!","publisher":{"@id":"https:\/\/lajotek.com.br\/#organization"},"alternateName":"Lajotek - Lajes Curitiba","potentialAction":[{"@type":"SearchAction","target":{"@type":"EntryPoint","urlTemplate":"https:\/\/lajotek.com.br\/?s={search_term_string}"},"query-input":{"@type":"PropertyValueSpecification","valueRequired":true,"valueName":"search_term_string"}}],"inLanguage":"pt-BR"},{"@type":"Organization","@id":"https:\/\/lajotek.com.br\/#organization","name":"Lajotek Lajes Treli\u00e7as, Convencional, Painel e Bidirecionais | Lajes em Curitiba","alternateName":"Lajotek - Lajes Curitiba","url":"https:\/\/lajotek.com.br\/","logo":{"@type":"ImageObject","inLanguage":"pt-BR","@id":"https:\/\/lajotek.com.br\/#\/schema\/logo\/image\/","url":"https:\/\/lajotek.com.br\/wp-content\/uploads\/2024\/10\/logo-png.webp","contentUrl":"https:\/\/lajotek.com.br\/wp-content\/uploads\/2024\/10\/logo-png.webp","width":976,"height":1002,"caption":"Lajotek Lajes Treli\u00e7as, Convencional, Painel e Bidirecionais | Lajes em Curitiba"},"image":{"@id":"https:\/\/lajotek.com.br\/#\/schema\/logo\/image\/"},"sameAs":["https:\/\/facebook.com.br\/lajotek","https:\/\/www.instagram.com\/lajeslajotek"]}]}},"_links":{"self":[{"href":"https:\/\/lajotek.com.br\/index.php\/wp-json\/wp\/v2\/pages\/447","targetHints":{"allow":["GET"]}}],"collection":[{"href":"https:\/\/lajotek.com.br\/index.php\/wp-json\/wp\/v2\/pages"}],"about":[{"href":"https:\/\/lajotek.com.br\/index.php\/wp-json\/wp\/v2\/types\/page"}],"author":[{"embeddable":true,"href":"https:\/\/lajotek.com.br\/index.php\/wp-json\/wp\/v2\/users\/1"}],"replies":[{"embeddable":true,"href":"https:\/\/lajotek.com.br\/index.php\/wp-json\/wp\/v2\/comments?post=447"}],"version-history":[{"count":3,"href":"https:\/\/lajotek.com.br\/index.php\/wp-json\/wp\/v2\/pages\/447\/revisions"}],"predecessor-version":[{"id":889,"href":"https:\/\/lajotek.com.br\/index.php\/wp-json\/wp\/v2\/pages\/447\/revisions\/889"}],"wp:attachment":[{"href":"https:\/\/lajotek.com.br\/index.php\/wp-json\/wp\/v2\/media?parent=447"}],"curies":[{"name":"wp","href":"https:\/\/api.w.org\/{rel}","templated":true}]}}