{"id":347,"date":"2024-09-09T18:52:57","date_gmt":"2024-09-09T15:52:57","guid":{"rendered":"https:\/\/lajotek.com.br\/novo\/?page_id=347"},"modified":"2024-10-02T04:58:39","modified_gmt":"2024-10-02T01:58:39","slug":"sobre-a-lajotek","status":"publish","type":"page","link":"https:\/\/lajotek.com.br\/index.php\/sobre-a-lajotek\/","title":{"rendered":"Sobre a Lajotek"},"content":{"rendered":"\n<div class=\"wp-block-group alignfull has-global-padding is-layout-constrained wp-container-core-group-is-layout-7 wp-block-group-is-layout-constrained\" style=\"margin-top:0;margin-bottom:0;padding-top:var(--wp--preset--spacing--40);padding-right:var(--wp--preset--spacing--50);padding-bottom:var(--wp--preset--spacing--40);padding-left:var(--wp--preset--spacing--50)\">\n<div class=\"wp-block-group alignwide is-vertical is-content-justification-center is-layout-flex wp-container-core-group-is-layout-6 wp-block-group-is-layout-flex\">\n<div class=\"wp-block-columns alignwide is-layout-flex wp-container-core-columns-is-layout-1 wp-block-columns-is-layout-flex\">\n<div class=\"wp-block-column is-vertically-aligned-center is-layout-flow wp-block-column-is-layout-flow\" style=\"flex-basis:50%\">\n<figure class=\"wp-block-image size-full is-resized has-custom-border\"><img loading=\"lazy\" decoding=\"async\" width=\"400\" height=\"265\" src=\"https:\/\/lajotek.com.br\/wp-content\/uploads\/2024\/10\/escritorio-jpeg.webp\" alt=\"Foto externa do Escrit\u00f3rio da Lajotek\" class=\"wp-image-776\" style=\"border-radius:20px;width:482px;height:auto\" srcset=\"https:\/\/lajotek.com.br\/wp-content\/uploads\/2024\/10\/escritorio-jpeg.webp 400w, https:\/\/lajotek.com.br\/wp-content\/uploads\/2024\/10\/escritorio-300x199.webp 300w\" sizes=\"auto, (max-width: 400px) 100vw, 400px\" \/><\/figure>\n<\/div>\n\n\n\n<div class=\"wp-block-column is-vertically-aligned-stretch is-layout-flow wp-block-column-is-layout-flow\" style=\"flex-basis:50%\">\n<div class=\"wp-block-group is-vertical is-content-justification-stretch is-layout-flex wp-container-core-group-is-layout-2 wp-block-group-is-layout-flex\" style=\"min-height:100%\">\n<h2 class=\"wp-block-heading\">Sobre a Lajotek<\/h2>\n\n\n\n<div class=\"wp-block-group is-layout-flow wp-block-group-is-layout-flow\">\n<p class=\"wp-container-content-1\">Nossa empresa foi fundada em 1986 e desde ent\u00e3o nos comprometemos a fabricar apenas produtos com a melhor qualidade e assegurar total seguran\u00e7a nas lajes que projetamos, sempre seguindo os mais altos padr\u00f5es de produ\u00e7\u00e3o e as Normas da ABNT. Nossos clientes est\u00e3o sempre satisfeitos com a qualidade dos nossos produtos e efici\u00eancia de nossa equipe.<\/p>\n\n\n\n<p class=\"wp-container-content-2\">F\u00e1brica de Lajes Pr\u00e9-Moldadas do tipo Treli\u00e7a, Convencional, Pain\u00e9is Treli\u00e7ados, Lajes Bidirecionais. Nossas lajes podem usar enchimentos cer\u00e2micos ou EPS (Poliestireno Expandido), tamb\u00e9m chamado de Isopor.<\/p>\n<\/div>\n<\/div>\n<\/div>\n<\/div>\n\n\n\n<div class=\"wp-block-columns alignwide is-layout-flex wp-container-core-columns-is-layout-2 wp-block-columns-is-layout-flex\">\n<div class=\"wp-block-column is-vertically-aligned-center is-layout-flow wp-block-column-is-layout-flow\" style=\"flex-basis:50%\">\n<div class=\"wp-block-group is-vertical is-content-justification-stretch is-layout-flex wp-container-core-group-is-layout-4 wp-block-group-is-layout-flex\" style=\"min-height:100%\">\n<h2 class=\"wp-block-heading\">Nossa Miss\u00e3o<\/h2>\n\n\n\n<div class=\"wp-block-group is-layout-flow wp-block-group-is-layout-flow\">\n<p class=\"has-text-align-left wp-container-content-3\">Utilizamos apenas materiais de qualidade como Cimento ARI CP-V e Agregados da Votoran, os A\u00e7os s\u00e3o fornecidos pela Gerdau e as treli\u00e7as pela Puma. Temos um rigoroso controle de qualidade com ensaios e verifica\u00e7\u00e3o dos produtos em laborat\u00f3rios. Tamb\u00e9m seguimos rigorosamente as Normas da ABNT.<\/p>\n\n\n\n<p class=\"wp-container-content-4\">Antes de comprar consulte a especifica\u00e7\u00e3o detalhada de sua laje, principalmente os a\u00e7os adicionais, que s\u00e3o respons\u00e1veis pelo refor\u00e7o e qualidade da laje. Esses a\u00e7os s\u00e3o os que geram um maior custo da laje e tamb\u00e9m uma maior seguran\u00e7a para a sua obra. Assim voc\u00ea evita surpresas futuras, como rachaduras ou \u201cbarrigas\u201d que podem fazer que sua laje venha a ceder.<\/p>\n<\/div>\n<\/div>\n<\/div>\n\n\n\n<div class=\"wp-block-column is-vertically-aligned-stretch is-layout-flow wp-block-column-is-layout-flow\" style=\"flex-basis:50%\">\n<div class=\"wp-block-group has-global-padding is-layout-constrained wp-block-group-is-layout-constrained\">\n<figure class=\"wp-block-image aligncenter is-resized is-style-rounded is-style-rounded--1\" style=\"margin-top:var(--wp--preset--spacing--40);margin-bottom:var(--wp--preset--spacing--40)\"><img loading=\"lazy\" decoding=\"async\" width=\"1629\" height=\"1080\" src=\"https:\/\/lajotek.com.br\/wp-content\/uploads\/2024\/09\/sky-town-city-landmark-urban-area-street-1449703-pxhere-com-1.webp\" alt=\"\" class=\"wp-image-133\" style=\"width:506px;height:auto\" srcset=\"https:\/\/lajotek.com.br\/wp-content\/uploads\/2024\/09\/sky-town-city-landmark-urban-area-street-1449703-pxhere-com-1.webp 1629w, https:\/\/lajotek.com.br\/wp-content\/uploads\/2024\/09\/sky-town-city-landmark-urban-area-street-1449703-pxhere-com-1-300x199.webp 300w, https:\/\/lajotek.com.br\/wp-content\/uploads\/2024\/09\/sky-town-city-landmark-urban-area-street-1449703-pxhere-com-1-1024x679.webp 1024w, https:\/\/lajotek.com.br\/wp-content\/uploads\/2024\/09\/sky-town-city-landmark-urban-area-street-1449703-pxhere-com-1-768x509.webp 768w, https:\/\/lajotek.com.br\/wp-content\/uploads\/2024\/09\/sky-town-city-landmark-urban-area-street-1449703-pxhere-com-1-1536x1018.webp 1536w\" sizes=\"auto, (max-width: 1629px) 100vw, 1629px\" \/><\/figure>\n<\/div>\n<\/div>\n<\/div>\n<\/div>\n<\/div>\n\n\n\n<div class=\"wp-block-group alignfull has-accent-5-background-color has-background has-global-padding is-layout-constrained wp-container-core-group-is-layout-8 wp-block-group-is-layout-constrained\" style=\"margin-top:0;margin-bottom:0;padding-top:var(--wp--preset--spacing--50);padding-right:var(--wp--preset--spacing--50);padding-bottom:var(--wp--preset--spacing--50);padding-left:var(--wp--preset--spacing--50)\">\n<div class=\"wp-block-columns alignwide is-layout-flex wp-container-core-columns-is-layout-3 wp-block-columns-is-layout-flex\">\n<div class=\"wp-block-column is-vertically-aligned-center is-layout-flow wp-block-column-is-layout-flow\" style=\"flex-basis:60%\">\n<figure class=\"wp-block-image size-full is-style-rounded wp-duotone-duotone-1 is-style-rounded--2\"><img decoding=\"async\" src=\"https:\/\/lajotek.com.br\/wp-content\/themes\/twentytwentyfour\/assets\/images\/abstract-geometric-art.webp\" alt=\"Arte geom\u00e9trica abstrata branca de Dresden, Alemanha\" style=\"aspect-ratio:4\/3;object-fit:cover\"\/><\/figure>\n<\/div>\n\n\n\n<div class=\"wp-block-column is-layout-flow wp-block-column-is-layout-flow\" style=\"flex-basis:40%\">\n<h2 class=\"wp-block-heading\">Guiando atrav\u00e9s do projeto<\/h2>\n\n\n\n<ul class=\"wp-block-list\">\n<li class=\"has-small-font-size\">Profissionais altamente treinados para ajud\u00e1-lo a levantar as necessidades da obra;<\/li>\n\n\n\n<li class=\"has-small-font-size\">Pr\u00e9-dimensionamento para desenvolvimento de projeto;<\/li>\n\n\n\n<li class=\"has-small-font-size\">Confer\u00eancia in-loco das medidas;<\/li>\n\n\n\n<li class=\"has-small-font-size\">Dimensionamento das lajes conforme projeto estrutural;<\/li>\n\n\n\n<li class=\"has-small-font-size\">Fornecimento de projeto para montagem;<\/li>\n\n\n\n<li class=\"has-small-font-size\">Detalhamento de escoramentos, consumos de a\u00e7o e concreto;<\/li>\n\n\n\n<li class=\"has-small-font-size\">Vistoria antes da concretagem;<\/li>\n\n\n\n<li class=\"has-small-font-size\">Pesquisa sobre o atendimento, a entrega, a pontualidade e a qualidade dos produtos.<\/li>\n<\/ul>\n<\/div>\n<\/div>\n<\/div>\n\n\n\n<div class=\"wp-block-group alignfull has-global-padding is-layout-constrained wp-container-core-group-is-layout-11 wp-block-group-is-layout-constrained\" style=\"margin-top:0;margin-bottom:0;padding-top:var(--wp--preset--spacing--50);padding-right:var(--wp--preset--spacing--50);padding-bottom:var(--wp--preset--spacing--50);padding-left:var(--wp--preset--spacing--50)\">\n<div class=\"wp-block-group alignwide has-base-2-background-color has-background is-layout-flow wp-block-group-is-layout-flow\" style=\"border-radius:16px;padding-top:var(--wp--preset--spacing--50);padding-right:var(--wp--preset--spacing--50);padding-bottom:var(--wp--preset--spacing--50);padding-left:var(--wp--preset--spacing--50)\">\n<p class=\"has-text-align-center\">Trabalhamos com os melhores fornecedores.<\/p>\n\n\n\n<div style=\"height:var(--wp--preset--spacing--10)\" aria-hidden=\"true\" class=\"wp-block-spacer\"><\/div>\n\n\n\n<div class=\"wp-block-group alignwide is-content-justification-center is-layout-flex wp-container-core-group-is-layout-9 wp-block-group-is-layout-flex\" style=\"padding-top:0;padding-right:0;padding-bottom:0;padding-left:0\">\n<figure class=\"wp-block-image size-full is-resized\"><img loading=\"lazy\" decoding=\"async\" width=\"400\" height=\"143\" src=\"https:\/\/lajotek.com.br\/wp-content\/uploads\/2024\/09\/vcimentos.png\" alt=\"\" class=\"wp-image-512\" style=\"aspect-ratio:4\/3;object-fit:contain;width:150px\" srcset=\"https:\/\/lajotek.com.br\/wp-content\/uploads\/2024\/09\/vcimentos.png 400w, https:\/\/lajotek.com.br\/wp-content\/uploads\/2024\/09\/vcimentos-300x107.png 300w\" sizes=\"auto, (max-width: 400px) 100vw, 400px\" \/><\/figure>\n\n\n\n<figure class=\"wp-block-image size-full is-resized\"><img loading=\"lazy\" decoding=\"async\" width=\"400\" height=\"120\" src=\"https:\/\/lajotek.com.br\/wp-content\/uploads\/2024\/09\/puma.png\" alt=\"\" class=\"wp-image-511\" style=\"aspect-ratio:4\/3;object-fit:contain;width:150px\" srcset=\"https:\/\/lajotek.com.br\/wp-content\/uploads\/2024\/09\/puma.png 400w, https:\/\/lajotek.com.br\/wp-content\/uploads\/2024\/09\/puma-300x90.png 300w\" sizes=\"auto, (max-width: 400px) 100vw, 400px\" \/><\/figure>\n\n\n\n<figure class=\"wp-block-image size-full is-resized\"><img loading=\"lazy\" decoding=\"async\" width=\"400\" height=\"117\" src=\"https:\/\/lajotek.com.br\/wp-content\/uploads\/2024\/09\/gerdau.png\" alt=\"\" class=\"wp-image-510\" style=\"aspect-ratio:4\/3;object-fit:contain;width:150px\" srcset=\"https:\/\/lajotek.com.br\/wp-content\/uploads\/2024\/09\/gerdau.png 400w, https:\/\/lajotek.com.br\/wp-content\/uploads\/2024\/09\/gerdau-300x88.png 300w\" sizes=\"auto, (max-width: 400px) 100vw, 400px\" \/><\/figure>\n\n\n\n<figure class=\"wp-block-image size-full is-resized\"><img loading=\"lazy\" decoding=\"async\" width=\"805\" height=\"152\" src=\"https:\/\/lajotek.com.br\/wp-content\/uploads\/2024\/09\/LOGO-COR-TRANSPARENTE.png.webp\" alt=\"\" class=\"wp-image-513\" style=\"aspect-ratio:4\/3;object-fit:contain;width:150px\" srcset=\"https:\/\/lajotek.com.br\/wp-content\/uploads\/2024\/09\/LOGO-COR-TRANSPARENTE.png.webp 805w, https:\/\/lajotek.com.br\/wp-content\/uploads\/2024\/09\/LOGO-COR-TRANSPARENTE.png-300x57.webp 300w, https:\/\/lajotek.com.br\/wp-content\/uploads\/2024\/09\/LOGO-COR-TRANSPARENTE.png-768x145.webp 768w\" sizes=\"auto, (max-width: 805px) 100vw, 805px\" \/><\/figure>\n\n\n\n<figure class=\"wp-block-image size-full is-resized\"><img loading=\"lazy\" decoding=\"async\" width=\"277\" height=\"64\" src=\"https:\/\/lajotek.com.br\/wp-content\/uploads\/2024\/09\/logo_isoeste.png\" alt=\"\" class=\"wp-image-514\" style=\"aspect-ratio:4\/3;object-fit:contain;width:150px\"\/><\/figure>\n<\/div>\n\n\n\n<div style=\"height:var(--wp--preset--spacing--10)\" aria-hidden=\"true\" class=\"wp-block-spacer\"><\/div>\n\n\n\n<div class=\"wp-block-buttons is-content-justification-center is-layout-flex wp-container-core-buttons-is-layout-1 wp-block-buttons-is-layout-flex\">\n<div class=\"wp-block-button\"><a class=\"wp-block-button__link wp-element-button\" href=\"https:\/\/lajotek.com.br\/index.php\/qualidade\/\">mais sobre qualidade<\/a><\/div>\n<\/div>\n<\/div>\n<\/div>\n\n\n\n<p>Sobre a Lajotek: Conte com inova\u00e7\u00e3o e durabilidade.<\/p>\n","protected":false},"excerpt":{"rendered":"<p>Sobre a Lajotek Nossa empresa foi fundada em 1986 e desde ent\u00e3o nos comprometemos a fabricar apenas produtos com a melhor qualidade e assegurar total seguran\u00e7a nas lajes que projetamos, sempre seguindo os mais altos padr\u00f5es de produ\u00e7\u00e3o e as Normas da ABNT. Nossos clientes est\u00e3o sempre satisfeitos com a qualidade dos nossos produtos e [&hellip;]<\/p>\n","protected":false},"author":1,"featured_media":0,"parent":0,"menu_order":0,"comment_status":"closed","ping_status":"closed","template":"","meta":{"footnotes":""},"class_list":["post-347","page","type-page","status-publish","hentry"],"yoast_head":"<!-- This site is optimized with the Yoast SEO plugin v23.9 - https:\/\/yoast.com\/wordpress\/plugins\/seo\/ -->\n<title>Sobre a Lajotek - Lajes Lajotek - Laje Treli\u00e7a, Convencional, Painel e Bidirecionai | Lajes em Curitiba<\/title>\n<meta name=\"description\" content=\"Sobre a Lajotek: Especialistas em lajes pr\u00e9-moldadas de alta qualidade. Solu\u00e7\u00f5es eficientes e r\u00e1pidas para sua constru\u00e7\u00e3o.\" \/>\n<meta name=\"robots\" content=\"index, follow, max-snippet:-1, max-image-preview:large, max-video-preview:-1\" \/>\n<link rel=\"canonical\" href=\"https:\/\/lajotek.com.br\/index.php\/sobre-a-lajotek\/\" \/>\n<meta property=\"og:locale\" content=\"pt_BR\" \/>\n<meta property=\"og:type\" content=\"article\" \/>\n<meta property=\"og:title\" content=\"Sobre a Lajotek - Lajes Lajotek - Laje Treli\u00e7a, Convencional, Painel e Bidirecionai | Lajes em Curitiba\" \/>\n<meta property=\"og:description\" content=\"Sobre a Lajotek: Especialistas em lajes pr\u00e9-moldadas de alta qualidade. Solu\u00e7\u00f5es eficientes e r\u00e1pidas para sua constru\u00e7\u00e3o.\" \/>\n<meta property=\"og:url\" content=\"https:\/\/lajotek.com.br\/index.php\/sobre-a-lajotek\/\" \/>\n<meta property=\"og:site_name\" content=\"Lajes Lajotek - Laje Treli\u00e7a, Convencional, Painel e Bidirecionai | Lajes em Curitiba\" \/>\n<meta property=\"article:publisher\" content=\"https:\/\/facebook.com.br\/lajotek\" \/>\n<meta property=\"article:modified_time\" content=\"2024-10-02T01:58:39+00:00\" \/>\n<meta property=\"og:image\" content=\"https:\/\/lajotek.com.br\/wp-content\/uploads\/2024\/10\/escritorio-jpeg.webp\" \/>\n<meta name=\"twitter:card\" content=\"summary_large_image\" \/>\n<meta name=\"twitter:label1\" content=\"Est. tempo de leitura\" \/>\n\t<meta name=\"twitter:data1\" content=\"4 minutos\" \/>\n<script type=\"application\/ld+json\" class=\"yoast-schema-graph\">{\"@context\":\"https:\/\/schema.org\",\"@graph\":[{\"@type\":\"Article\",\"@id\":\"https:\/\/lajotek.com.br\/index.php\/sobre-a-lajotek\/#article\",\"isPartOf\":{\"@id\":\"https:\/\/lajotek.com.br\/index.php\/sobre-a-lajotek\/\"},\"author\":{\"name\":\"admin\",\"@id\":\"https:\/\/lajotek.com.br\/#\/schema\/person\/2e2bd7c99bacfa53409e5048f52a2379\"},\"headline\":\"Sobre a Lajotek\",\"datePublished\":\"2024-09-09T15:52:57+00:00\",\"dateModified\":\"2024-10-02T01:58:39+00:00\",\"mainEntityOfPage\":{\"@id\":\"https:\/\/lajotek.com.br\/index.php\/sobre-a-lajotek\/\"},\"wordCount\":306,\"publisher\":{\"@id\":\"https:\/\/lajotek.com.br\/#organization\"},\"image\":{\"@id\":\"https:\/\/lajotek.com.br\/index.php\/sobre-a-lajotek\/#primaryimage\"},\"thumbnailUrl\":\"https:\/\/lajotek.com.br\/wp-content\/uploads\/2024\/10\/escritorio-jpeg.webp\",\"inLanguage\":\"pt-BR\"},{\"@type\":[\"WebPage\",\"AboutPage\"],\"@id\":\"https:\/\/lajotek.com.br\/index.php\/sobre-a-lajotek\/\",\"url\":\"https:\/\/lajotek.com.br\/index.php\/sobre-a-lajotek\/\",\"name\":\"Sobre a Lajotek - Lajes Lajotek - Laje Treli\u00e7a, Convencional, Painel e Bidirecionai | Lajes em Curitiba\",\"isPartOf\":{\"@id\":\"https:\/\/lajotek.com.br\/#website\"},\"primaryImageOfPage\":{\"@id\":\"https:\/\/lajotek.com.br\/index.php\/sobre-a-lajotek\/#primaryimage\"},\"image\":{\"@id\":\"https:\/\/lajotek.com.br\/index.php\/sobre-a-lajotek\/#primaryimage\"},\"thumbnailUrl\":\"https:\/\/lajotek.com.br\/wp-content\/uploads\/2024\/10\/escritorio-jpeg.webp\",\"datePublished\":\"2024-09-09T15:52:57+00:00\",\"dateModified\":\"2024-10-02T01:58:39+00:00\",\"description\":\"Sobre a Lajotek: Especialistas em lajes pr\u00e9-moldadas de alta qualidade. Solu\u00e7\u00f5es eficientes e r\u00e1pidas para sua constru\u00e7\u00e3o.\",\"breadcrumb\":{\"@id\":\"https:\/\/lajotek.com.br\/index.php\/sobre-a-lajotek\/#breadcrumb\"},\"inLanguage\":\"pt-BR\",\"potentialAction\":[{\"@type\":\"ReadAction\",\"target\":[\"https:\/\/lajotek.com.br\/index.php\/sobre-a-lajotek\/\"]}]},{\"@type\":\"ImageObject\",\"inLanguage\":\"pt-BR\",\"@id\":\"https:\/\/lajotek.com.br\/index.php\/sobre-a-lajotek\/#primaryimage\",\"url\":\"https:\/\/lajotek.com.br\/wp-content\/uploads\/2024\/10\/escritorio-jpeg.webp\",\"contentUrl\":\"https:\/\/lajotek.com.br\/wp-content\/uploads\/2024\/10\/escritorio-jpeg.webp\",\"width\":400,\"height\":265,\"caption\":\"Foto externa do Escrit\u00f3rio da Lajotek\"},{\"@type\":\"BreadcrumbList\",\"@id\":\"https:\/\/lajotek.com.br\/index.php\/sobre-a-lajotek\/#breadcrumb\",\"itemListElement\":[{\"@type\":\"ListItem\",\"position\":1,\"name\":\"In\u00edcio\",\"item\":\"https:\/\/lajotek.com.br\/\"},{\"@type\":\"ListItem\",\"position\":2,\"name\":\"Sobre a Lajotek\"}]},{\"@type\":\"WebSite\",\"@id\":\"https:\/\/lajotek.com.br\/#website\",\"url\":\"https:\/\/lajotek.com.br\/\",\"name\":\"Lajotek Lajes Treli\u00e7as, Convencional, Painel e Bidirecionais | Lajes em Curitiba\",\"description\":\"Desde 1986, a Lajotek se destaca na fabrica\u00e7\u00e3o de lajes, vigas pr\u00e9-moldadas e blocos de EPS para constru\u00e7\u00f5es residenciais e comerciais em Curitiba e regi\u00e3o. Priorizamos qualidade e atendimento ao cliente. Confira nossa variedade de produtos!\",\"publisher\":{\"@id\":\"https:\/\/lajotek.com.br\/#organization\"},\"alternateName\":\"Lajotek - Lajes Curitiba\",\"potentialAction\":[{\"@type\":\"SearchAction\",\"target\":{\"@type\":\"EntryPoint\",\"urlTemplate\":\"https:\/\/lajotek.com.br\/?s={search_term_string}\"},\"query-input\":{\"@type\":\"PropertyValueSpecification\",\"valueRequired\":true,\"valueName\":\"search_term_string\"}}],\"inLanguage\":\"pt-BR\"},{\"@type\":\"Organization\",\"@id\":\"https:\/\/lajotek.com.br\/#organization\",\"name\":\"Lajotek Lajes Treli\u00e7as, Convencional, Painel e Bidirecionais | Lajes em Curitiba\",\"alternateName\":\"Lajotek - Lajes Curitiba\",\"url\":\"https:\/\/lajotek.com.br\/\",\"logo\":{\"@type\":\"ImageObject\",\"inLanguage\":\"pt-BR\",\"@id\":\"https:\/\/lajotek.com.br\/#\/schema\/logo\/image\/\",\"url\":\"https:\/\/lajotek.com.br\/wp-content\/uploads\/2024\/10\/logo-png.webp\",\"contentUrl\":\"https:\/\/lajotek.com.br\/wp-content\/uploads\/2024\/10\/logo-png.webp\",\"width\":976,\"height\":1002,\"caption\":\"Lajotek Lajes Treli\u00e7as, Convencional, Painel e Bidirecionais | Lajes em Curitiba\"},\"image\":{\"@id\":\"https:\/\/lajotek.com.br\/#\/schema\/logo\/image\/\"},\"sameAs\":[\"https:\/\/facebook.com.br\/lajotek\",\"https:\/\/www.instagram.com\/lajeslajotek\"]},{\"@type\":\"Person\",\"@id\":\"https:\/\/lajotek.com.br\/#\/schema\/person\/2e2bd7c99bacfa53409e5048f52a2379\",\"name\":\"admin\",\"image\":{\"@type\":\"ImageObject\",\"inLanguage\":\"pt-BR\",\"@id\":\"https:\/\/lajotek.com.br\/#\/schema\/person\/image\/\",\"url\":\"https:\/\/secure.gravatar.com\/avatar\/bd352758437e588117f259dc9f224d71?s=96&d=mm&r=g\",\"contentUrl\":\"https:\/\/secure.gravatar.com\/avatar\/bd352758437e588117f259dc9f224d71?s=96&d=mm&r=g\",\"caption\":\"admin\"},\"sameAs\":[\"https:\/\/lajotek.com.br\/\",\"https:\/\/www.facebook.com.br\/lajotek\",\"https:\/\/www.instagram.com\/lajeslajotek\"],\"url\":\"https:\/\/lajotek.com.br\/index.php\/author\/admin_yaln7zvz\/\"}]}<\/script>\n<!-- \/ Yoast SEO plugin. -->","yoast_head_json":{"title":"Sobre a Lajotek - Lajes Lajotek - Laje Treli\u00e7a, Convencional, Painel e Bidirecionai | Lajes em Curitiba","description":"Sobre a Lajotek: Especialistas em lajes pr\u00e9-moldadas de alta qualidade. Solu\u00e7\u00f5es eficientes e r\u00e1pidas para sua constru\u00e7\u00e3o.","robots":{"index":"index","follow":"follow","max-snippet":"max-snippet:-1","max-image-preview":"max-image-preview:large","max-video-preview":"max-video-preview:-1"},"canonical":"https:\/\/lajotek.com.br\/index.php\/sobre-a-lajotek\/","og_locale":"pt_BR","og_type":"article","og_title":"Sobre a Lajotek - Lajes Lajotek - Laje Treli\u00e7a, Convencional, Painel e Bidirecionai | Lajes em Curitiba","og_description":"Sobre a Lajotek: Especialistas em lajes pr\u00e9-moldadas de alta qualidade. Solu\u00e7\u00f5es eficientes e r\u00e1pidas para sua constru\u00e7\u00e3o.","og_url":"https:\/\/lajotek.com.br\/index.php\/sobre-a-lajotek\/","og_site_name":"Lajes Lajotek - Laje Treli\u00e7a, Convencional, Painel e Bidirecionai | Lajes em Curitiba","article_publisher":"https:\/\/facebook.com.br\/lajotek","article_modified_time":"2024-10-02T01:58:39+00:00","og_image":[{"url":"https:\/\/lajotek.com.br\/wp-content\/uploads\/2024\/10\/escritorio-jpeg.webp"}],"twitter_card":"summary_large_image","twitter_misc":{"Est. tempo de leitura":"4 minutos"},"schema":{"@context":"https:\/\/schema.org","@graph":[{"@type":"Article","@id":"https:\/\/lajotek.com.br\/index.php\/sobre-a-lajotek\/#article","isPartOf":{"@id":"https:\/\/lajotek.com.br\/index.php\/sobre-a-lajotek\/"},"author":{"name":"admin","@id":"https:\/\/lajotek.com.br\/#\/schema\/person\/2e2bd7c99bacfa53409e5048f52a2379"},"headline":"Sobre a Lajotek","datePublished":"2024-09-09T15:52:57+00:00","dateModified":"2024-10-02T01:58:39+00:00","mainEntityOfPage":{"@id":"https:\/\/lajotek.com.br\/index.php\/sobre-a-lajotek\/"},"wordCount":306,"publisher":{"@id":"https:\/\/lajotek.com.br\/#organization"},"image":{"@id":"https:\/\/lajotek.com.br\/index.php\/sobre-a-lajotek\/#primaryimage"},"thumbnailUrl":"https:\/\/lajotek.com.br\/wp-content\/uploads\/2024\/10\/escritorio-jpeg.webp","inLanguage":"pt-BR"},{"@type":["WebPage","AboutPage"],"@id":"https:\/\/lajotek.com.br\/index.php\/sobre-a-lajotek\/","url":"https:\/\/lajotek.com.br\/index.php\/sobre-a-lajotek\/","name":"Sobre a Lajotek - Lajes Lajotek - Laje Treli\u00e7a, Convencional, Painel e Bidirecionai | Lajes em Curitiba","isPartOf":{"@id":"https:\/\/lajotek.com.br\/#website"},"primaryImageOfPage":{"@id":"https:\/\/lajotek.com.br\/index.php\/sobre-a-lajotek\/#primaryimage"},"image":{"@id":"https:\/\/lajotek.com.br\/index.php\/sobre-a-lajotek\/#primaryimage"},"thumbnailUrl":"https:\/\/lajotek.com.br\/wp-content\/uploads\/2024\/10\/escritorio-jpeg.webp","datePublished":"2024-09-09T15:52:57+00:00","dateModified":"2024-10-02T01:58:39+00:00","description":"Sobre a Lajotek: Especialistas em lajes pr\u00e9-moldadas de alta qualidade. Solu\u00e7\u00f5es eficientes e r\u00e1pidas para sua constru\u00e7\u00e3o.","breadcrumb":{"@id":"https:\/\/lajotek.com.br\/index.php\/sobre-a-lajotek\/#breadcrumb"},"inLanguage":"pt-BR","potentialAction":[{"@type":"ReadAction","target":["https:\/\/lajotek.com.br\/index.php\/sobre-a-lajotek\/"]}]},{"@type":"ImageObject","inLanguage":"pt-BR","@id":"https:\/\/lajotek.com.br\/index.php\/sobre-a-lajotek\/#primaryimage","url":"https:\/\/lajotek.com.br\/wp-content\/uploads\/2024\/10\/escritorio-jpeg.webp","contentUrl":"https:\/\/lajotek.com.br\/wp-content\/uploads\/2024\/10\/escritorio-jpeg.webp","width":400,"height":265,"caption":"Foto externa do Escrit\u00f3rio da Lajotek"},{"@type":"BreadcrumbList","@id":"https:\/\/lajotek.com.br\/index.php\/sobre-a-lajotek\/#breadcrumb","itemListElement":[{"@type":"ListItem","position":1,"name":"In\u00edcio","item":"https:\/\/lajotek.com.br\/"},{"@type":"ListItem","position":2,"name":"Sobre a Lajotek"}]},{"@type":"WebSite","@id":"https:\/\/lajotek.com.br\/#website","url":"https:\/\/lajotek.com.br\/","name":"Lajotek Lajes Treli\u00e7as, Convencional, Painel e Bidirecionais | Lajes em Curitiba","description":"Desde 1986, a Lajotek se destaca na fabrica\u00e7\u00e3o de lajes, vigas pr\u00e9-moldadas e blocos de EPS para constru\u00e7\u00f5es residenciais e comerciais em Curitiba e regi\u00e3o. Priorizamos qualidade e atendimento ao cliente. Confira nossa variedade de produtos!","publisher":{"@id":"https:\/\/lajotek.com.br\/#organization"},"alternateName":"Lajotek - Lajes Curitiba","potentialAction":[{"@type":"SearchAction","target":{"@type":"EntryPoint","urlTemplate":"https:\/\/lajotek.com.br\/?s={search_term_string}"},"query-input":{"@type":"PropertyValueSpecification","valueRequired":true,"valueName":"search_term_string"}}],"inLanguage":"pt-BR"},{"@type":"Organization","@id":"https:\/\/lajotek.com.br\/#organization","name":"Lajotek Lajes Treli\u00e7as, Convencional, Painel e Bidirecionais | Lajes em Curitiba","alternateName":"Lajotek - Lajes Curitiba","url":"https:\/\/lajotek.com.br\/","logo":{"@type":"ImageObject","inLanguage":"pt-BR","@id":"https:\/\/lajotek.com.br\/#\/schema\/logo\/image\/","url":"https:\/\/lajotek.com.br\/wp-content\/uploads\/2024\/10\/logo-png.webp","contentUrl":"https:\/\/lajotek.com.br\/wp-content\/uploads\/2024\/10\/logo-png.webp","width":976,"height":1002,"caption":"Lajotek Lajes Treli\u00e7as, Convencional, Painel e Bidirecionais | Lajes em Curitiba"},"image":{"@id":"https:\/\/lajotek.com.br\/#\/schema\/logo\/image\/"},"sameAs":["https:\/\/facebook.com.br\/lajotek","https:\/\/www.instagram.com\/lajeslajotek"]},{"@type":"Person","@id":"https:\/\/lajotek.com.br\/#\/schema\/person\/2e2bd7c99bacfa53409e5048f52a2379","name":"admin","image":{"@type":"ImageObject","inLanguage":"pt-BR","@id":"https:\/\/lajotek.com.br\/#\/schema\/person\/image\/","url":"https:\/\/secure.gravatar.com\/avatar\/bd352758437e588117f259dc9f224d71?s=96&d=mm&r=g","contentUrl":"https:\/\/secure.gravatar.com\/avatar\/bd352758437e588117f259dc9f224d71?s=96&d=mm&r=g","caption":"admin"},"sameAs":["https:\/\/lajotek.com.br\/","https:\/\/www.facebook.com.br\/lajotek","https:\/\/www.instagram.com\/lajeslajotek"],"url":"https:\/\/lajotek.com.br\/index.php\/author\/admin_yaln7zvz\/"}]}},"_links":{"self":[{"href":"https:\/\/lajotek.com.br\/index.php\/wp-json\/wp\/v2\/pages\/347","targetHints":{"allow":["GET"]}}],"collection":[{"href":"https:\/\/lajotek.com.br\/index.php\/wp-json\/wp\/v2\/pages"}],"about":[{"href":"https:\/\/lajotek.com.br\/index.php\/wp-json\/wp\/v2\/types\/page"}],"author":[{"embeddable":true,"href":"https:\/\/lajotek.com.br\/index.php\/wp-json\/wp\/v2\/users\/1"}],"replies":[{"embeddable":true,"href":"https:\/\/lajotek.com.br\/index.php\/wp-json\/wp\/v2\/comments?post=347"}],"version-history":[{"count":1,"href":"https:\/\/lajotek.com.br\/index.php\/wp-json\/wp\/v2\/pages\/347\/revisions"}],"predecessor-version":[{"id":858,"href":"https:\/\/lajotek.com.br\/index.php\/wp-json\/wp\/v2\/pages\/347\/revisions\/858"}],"wp:attachment":[{"href":"https:\/\/lajotek.com.br\/index.php\/wp-json\/wp\/v2\/media?parent=347"}],"curies":[{"name":"wp","href":"https:\/\/api.w.org\/{rel}","templated":true}]}}